{"id":42418,"date":"2024-06-28T11:34:06","date_gmt":"2024-06-28T15:34:06","guid":{"rendered":"https:\/\/demo.perimeter-solutions.com\/product\/concentrado-de-espuma-solberg-arctic-1-afff\/"},"modified":"2024-08-14T20:28:03","modified_gmt":"2024-08-15T00:28:03","slug":"concentrado-de-espuma-solberg-arctic-1-afff","status":"publish","type":"product","link":"https:\/\/demo.perimeter-solutions.com\/es\/product\/concentrado-de-espuma-solberg-arctic-1-afff\/","title":{"rendered":"CONCENTRADO DE ESPUMA SOLBERG<sup>\u00ae<\/sup> ARCTIC\u2122 1% AFFF"},"content":{"rendered":"<p><span style=\"color: #000000;\"><strong>SOLBERG<sup>\u00ae<\/sup> ARCTIC\u2122 1% AFFF<\/strong> es un concentrado de espuma sint\u00e9tica utilizado para extinguir eficazmente incendios de combustibles hidrocarburos de Clase B al 1% de soluci\u00f3n. La espuma SOLBERG ARCTIC 1% AFFF proporciona una r\u00e1pida extinci\u00f3n y excelentes caracter\u00edsticas de quemado y se puede usar con agua dulce, salada y salobre.<\/span><\/p>\n<p><span style=\"color: #000000;\">El espum\u00f3geno SOLBERG ARCTIC 1% AFFF se puede aplicar a incendios de combustibles de hidrocarburos de Clase B. No est\u00e1 dise\u00f1ado para usarse con combustibles solventes polares de Clase B. La espuma se puede utilizar para evitar la reignici\u00f3n de un derrame de l\u00edquido y controlar los vapores peligrosos. Los dispositivos de descarga de espuma, como los de aspiraci\u00f3n de aire, as\u00ed como los equipos sin aspiraci\u00f3n de aire, se pueden utilizar para obtener los m\u00e1ximos resultados. El producto se mezcla 1 parte de concentrado de espuma con 99 partes de agua. Tambi\u00e9n se puede utilizar como una soluci\u00f3n premezclada al 1%. La espuma SOLBERG ARCTIC 1% AFFF es compatible con la mayor\u00eda de los agentes en polvo (qu\u00edmicos secos).<\/span><\/p>\n<p><span style=\"color: #000000;\"><strong>CERTIFICACIONES:<\/strong> UL162 \/ ULC S564 listado<\/span><\/p>\n<h4>Opciones disponibles<\/h4>\n","protected":false},"excerpt":{"rendered":"<p>SOLBERG\u00ae ARCTIC\u2122 1% AFFF es un concentrado de espuma sint\u00e9tica utilizado para extinguir eficazmente incendios de combustibles hidrocarburos de Clase B al 1% de soluci\u00f3n. La espuma SOLBERG ARCTIC 1% [&hellip;]<\/p>\n","protected":false},"featured_media":42420,"template":"","meta":{"_acf_changed":false},"product_cat":[202,188],"product_tag":[232,246,248,242,244],"class_list":{"0":"post-42418","1":"product","2":"type-product","3":"status-publish","4":"has-post-thumbnail","6":"product_cat-class-b-fluorinated-es","7":"product_cat-class-b-es","8":"product_tag-industrial-es","9":"product_tag-marina-es","10":"product_tag-petroleo-y-gas","11":"product_tag-solberg-es","12":"product_tag-ul-162-es","14":"first","15":"instock","16":"shipping-taxable","17":"purchasable","18":"product-type-simple"},"acf":[],"yoast_head":"<!-- This site is optimized with the Yoast SEO Premium plugin v21.9 (Yoast SEO v23.5) - https:\/\/yoast.com\/wordpress\/plugins\/seo\/ -->\n<title>CONCENTRADO DE ESPUMA SOLBERG\u00ae ARCTIC\u2122 1% AFFF - PS Demo site<\/title>\n<meta name=\"robots\" content=\"noindex, follow, max-snippet:-1, max-image-preview:large, max-video-preview:-1\" \/>\n<meta property=\"og:locale\" content=\"es_ES\" \/>\n<meta property=\"og:type\" content=\"article\" \/>\n<meta property=\"og:title\" content=\"CONCENTRADO DE ESPUMA SOLBERG\u00ae ARCTIC\u2122 1% AFFF\" \/>\n<meta property=\"og:description\" content=\"SOLBERG\u00ae ARCTIC\u2122 1% AFFF es un concentrado de espuma sint\u00e9tica utilizado para extinguir eficazmente incendios de combustibles hidrocarburos de Clase B al 1% de soluci\u00f3n. La espuma SOLBERG ARCTIC 1% [&hellip;]\" \/>\n<meta property=\"og:url\" content=\"https:\/\/demo.perimeter-solutions.com\/es\/product\/concentrado-de-espuma-solberg-arctic-1-afff\/\" \/>\n<meta property=\"og:site_name\" content=\"PS Demo site\" \/>\n<meta property=\"article:modified_time\" content=\"2024-08-15T00:28:03+00:00\" \/>\n<meta name=\"twitter:card\" content=\"summary_large_image\" \/>\n<meta name=\"twitter:label1\" content=\"Tiempo de lectura\" \/>\n\t<meta name=\"twitter:data1\" content=\"1 minuto\" \/>\n<script type=\"application\/ld+json\" class=\"yoast-schema-graph\">{\"@context\":\"https:\/\/schema.org\",\"@graph\":[{\"@type\":\"WebPage\",\"@id\":\"https:\/\/demo.perimeter-solutions.com\/es\/product\/concentrado-de-espuma-solberg-arctic-1-afff\/\",\"url\":\"https:\/\/demo.perimeter-solutions.com\/es\/product\/concentrado-de-espuma-solberg-arctic-1-afff\/\",\"name\":\"CONCENTRADO DE ESPUMA SOLBERG\u00ae ARCTIC\u2122 1% AFFF - PS Demo site\",\"isPartOf\":{\"@id\":\"https:\/\/demo.perimeter-solutions.com\/es\/#website\"},\"primaryImageOfPage\":{\"@id\":\"https:\/\/demo.perimeter-solutions.com\/es\/product\/concentrado-de-espuma-solberg-arctic-1-afff\/#primaryimage\"},\"image\":{\"@id\":\"https:\/\/demo.perimeter-solutions.com\/es\/product\/concentrado-de-espuma-solberg-arctic-1-afff\/#primaryimage\"},\"thumbnailUrl\":\"https:\/\/demo.perimeter-solutions.com\/wp-content\/uploads\/2024\/06\/ARCTIC-1-AFFF-F-2011002-6-LETTER-1-pdf.jpg\",\"datePublished\":\"2024-06-28T15:34:06+00:00\",\"dateModified\":\"2024-08-15T00:28:03+00:00\",\"breadcrumb\":{\"@id\":\"https:\/\/demo.perimeter-solutions.com\/es\/product\/concentrado-de-espuma-solberg-arctic-1-afff\/#breadcrumb\"},\"inLanguage\":\"es\",\"potentialAction\":[{\"@type\":\"ReadAction\",\"target\":[\"https:\/\/demo.perimeter-solutions.com\/es\/product\/concentrado-de-espuma-solberg-arctic-1-afff\/\"]}]},{\"@type\":\"ImageObject\",\"inLanguage\":\"es\",\"@id\":\"https:\/\/demo.perimeter-solutions.com\/es\/product\/concentrado-de-espuma-solberg-arctic-1-afff\/#primaryimage\",\"url\":\"https:\/\/demo.perimeter-solutions.com\/wp-content\/uploads\/2024\/06\/ARCTIC-1-AFFF-F-2011002-6-LETTER-1-pdf.jpg\",\"contentUrl\":\"https:\/\/demo.perimeter-solutions.com\/wp-content\/uploads\/2024\/06\/ARCTIC-1-AFFF-F-2011002-6-LETTER-1-pdf.jpg\"},{\"@type\":\"BreadcrumbList\",\"@id\":\"https:\/\/demo.perimeter-solutions.com\/es\/product\/concentrado-de-espuma-solberg-arctic-1-afff\/#breadcrumb\",\"itemListElement\":[{\"@type\":\"ListItem\",\"position\":1,\"name\":\"Cat\u00e1logo de productos\",\"item\":\"https:\/\/demo.perimeter-solutions.com\/es\/product-catalog\/\"},{\"@type\":\"ListItem\",\"position\":2,\"name\":\"CONCENTRADO DE ESPUMA SOLBERG\u00ae ARCTIC\u2122 1% AFFF\"}]},{\"@type\":\"WebSite\",\"@id\":\"https:\/\/demo.perimeter-solutions.com\/es\/#website\",\"url\":\"https:\/\/demo.perimeter-solutions.com\/es\/\",\"name\":\"PS Demo site\",\"description\":\"\",\"publisher\":{\"@id\":\"https:\/\/demo.perimeter-solutions.com\/es\/#organization\"},\"potentialAction\":[{\"@type\":\"SearchAction\",\"target\":{\"@type\":\"EntryPoint\",\"urlTemplate\":\"https:\/\/demo.perimeter-solutions.com\/es\/?s={search_term_string}\"},\"query-input\":{\"@type\":\"PropertyValueSpecification\",\"valueRequired\":true,\"valueName\":\"search_term_string\"}}],\"inLanguage\":\"es\"},{\"@type\":\"Organization\",\"@id\":\"https:\/\/demo.perimeter-solutions.com\/es\/#organization\",\"name\":\"Perimeter Solutions\",\"url\":\"https:\/\/demo.perimeter-solutions.com\/es\/\",\"logo\":{\"@type\":\"ImageObject\",\"inLanguage\":\"es\",\"@id\":\"https:\/\/demo.perimeter-solutions.com\/es\/#\/schema\/logo\/image\/\",\"url\":\"https:\/\/demo.perimeter-solutions.com\/wp-content\/uploads\/2021\/02\/perimeter-logo-RGB.png\",\"contentUrl\":\"https:\/\/demo.perimeter-solutions.com\/wp-content\/uploads\/2021\/02\/perimeter-logo-RGB.png\",\"width\":794,\"height\":138,\"caption\":\"Perimeter Solutions\"},\"image\":{\"@id\":\"https:\/\/demo.perimeter-solutions.com\/es\/#\/schema\/logo\/image\/\"}}]}<\/script>\n<!-- \/ Yoast SEO Premium plugin. -->","yoast_head_json":{"title":"CONCENTRADO DE ESPUMA SOLBERG\u00ae ARCTIC\u2122 1% AFFF - PS Demo site","robots":{"index":"noindex","follow":"follow","max-snippet":"max-snippet:-1","max-image-preview":"max-image-preview:large","max-video-preview":"max-video-preview:-1"},"og_locale":"es_ES","og_type":"article","og_title":"CONCENTRADO DE ESPUMA SOLBERG\u00ae ARCTIC\u2122 1% AFFF","og_description":"SOLBERG\u00ae ARCTIC\u2122 1% AFFF es un concentrado de espuma sint\u00e9tica utilizado para extinguir eficazmente incendios de combustibles hidrocarburos de Clase B al 1% de soluci\u00f3n. La espuma SOLBERG ARCTIC 1% [&hellip;]","og_url":"https:\/\/demo.perimeter-solutions.com\/es\/product\/concentrado-de-espuma-solberg-arctic-1-afff\/","og_site_name":"PS Demo site","article_modified_time":"2024-08-15T00:28:03+00:00","twitter_card":"summary_large_image","twitter_misc":{"Tiempo de lectura":"1 minuto"},"schema":{"@context":"https:\/\/schema.org","@graph":[{"@type":"WebPage","@id":"https:\/\/demo.perimeter-solutions.com\/es\/product\/concentrado-de-espuma-solberg-arctic-1-afff\/","url":"https:\/\/demo.perimeter-solutions.com\/es\/product\/concentrado-de-espuma-solberg-arctic-1-afff\/","name":"CONCENTRADO DE ESPUMA SOLBERG\u00ae ARCTIC\u2122 1% AFFF - PS Demo site","isPartOf":{"@id":"https:\/\/demo.perimeter-solutions.com\/es\/#website"},"primaryImageOfPage":{"@id":"https:\/\/demo.perimeter-solutions.com\/es\/product\/concentrado-de-espuma-solberg-arctic-1-afff\/#primaryimage"},"image":{"@id":"https:\/\/demo.perimeter-solutions.com\/es\/product\/concentrado-de-espuma-solberg-arctic-1-afff\/#primaryimage"},"thumbnailUrl":"https:\/\/demo.perimeter-solutions.com\/wp-content\/uploads\/2024\/06\/ARCTIC-1-AFFF-F-2011002-6-LETTER-1-pdf.jpg","datePublished":"2024-06-28T15:34:06+00:00","dateModified":"2024-08-15T00:28:03+00:00","breadcrumb":{"@id":"https:\/\/demo.perimeter-solutions.com\/es\/product\/concentrado-de-espuma-solberg-arctic-1-afff\/#breadcrumb"},"inLanguage":"es","potentialAction":[{"@type":"ReadAction","target":["https:\/\/demo.perimeter-solutions.com\/es\/product\/concentrado-de-espuma-solberg-arctic-1-afff\/"]}]},{"@type":"ImageObject","inLanguage":"es","@id":"https:\/\/demo.perimeter-solutions.com\/es\/product\/concentrado-de-espuma-solberg-arctic-1-afff\/#primaryimage","url":"https:\/\/demo.perimeter-solutions.com\/wp-content\/uploads\/2024\/06\/ARCTIC-1-AFFF-F-2011002-6-LETTER-1-pdf.jpg","contentUrl":"https:\/\/demo.perimeter-solutions.com\/wp-content\/uploads\/2024\/06\/ARCTIC-1-AFFF-F-2011002-6-LETTER-1-pdf.jpg"},{"@type":"BreadcrumbList","@id":"https:\/\/demo.perimeter-solutions.com\/es\/product\/concentrado-de-espuma-solberg-arctic-1-afff\/#breadcrumb","itemListElement":[{"@type":"ListItem","position":1,"name":"Cat\u00e1logo de productos","item":"https:\/\/demo.perimeter-solutions.com\/es\/product-catalog\/"},{"@type":"ListItem","position":2,"name":"CONCENTRADO DE ESPUMA SOLBERG\u00ae ARCTIC\u2122 1% AFFF"}]},{"@type":"WebSite","@id":"https:\/\/demo.perimeter-solutions.com\/es\/#website","url":"https:\/\/demo.perimeter-solutions.com\/es\/","name":"PS Demo site","description":"","publisher":{"@id":"https:\/\/demo.perimeter-solutions.com\/es\/#organization"},"potentialAction":[{"@type":"SearchAction","target":{"@type":"EntryPoint","urlTemplate":"https:\/\/demo.perimeter-solutions.com\/es\/?s={search_term_string}"},"query-input":{"@type":"PropertyValueSpecification","valueRequired":true,"valueName":"search_term_string"}}],"inLanguage":"es"},{"@type":"Organization","@id":"https:\/\/demo.perimeter-solutions.com\/es\/#organization","name":"Perimeter Solutions","url":"https:\/\/demo.perimeter-solutions.com\/es\/","logo":{"@type":"ImageObject","inLanguage":"es","@id":"https:\/\/demo.perimeter-solutions.com\/es\/#\/schema\/logo\/image\/","url":"https:\/\/demo.perimeter-solutions.com\/wp-content\/uploads\/2021\/02\/perimeter-logo-RGB.png","contentUrl":"https:\/\/demo.perimeter-solutions.com\/wp-content\/uploads\/2021\/02\/perimeter-logo-RGB.png","width":794,"height":138,"caption":"Perimeter Solutions"},"image":{"@id":"https:\/\/demo.perimeter-solutions.com\/es\/#\/schema\/logo\/image\/"}}]}},"_links":{"self":[{"href":"https:\/\/demo.perimeter-solutions.com\/es\/wp-json\/wp\/v2\/product\/42418","targetHints":{"allow":["GET"]}}],"collection":[{"href":"https:\/\/demo.perimeter-solutions.com\/es\/wp-json\/wp\/v2\/product"}],"about":[{"href":"https:\/\/demo.perimeter-solutions.com\/es\/wp-json\/wp\/v2\/types\/product"}],"wp:featuredmedia":[{"embeddable":true,"href":"https:\/\/demo.perimeter-solutions.com\/es\/wp-json\/wp\/v2\/media\/42420"}],"wp:attachment":[{"href":"https:\/\/demo.perimeter-solutions.com\/es\/wp-json\/wp\/v2\/media?parent=42418"}],"wp:term":[{"taxonomy":"product_cat","embeddable":true,"href":"https:\/\/demo.perimeter-solutions.com\/es\/wp-json\/wp\/v2\/product_cat?post=42418"},{"taxonomy":"product_tag","embeddable":true,"href":"https:\/\/demo.perimeter-solutions.com\/es\/wp-json\/wp\/v2\/product_tag?post=42418"}],"curies":[{"name":"wp","href":"https:\/\/api.w.org\/{rel}","templated":true}]}}