{"id":42431,"date":"2024-06-26T12:18:43","date_gmt":"2024-06-26T16:18:43","guid":{"rendered":"https:\/\/demo.perimeter-solutions.com\/product\/phos-chek-1-ff-clase-a-b-espuma-2\/"},"modified":"2024-08-14T18:57:57","modified_gmt":"2024-08-14T22:57:57","slug":"phos-chek-1-ff-clase-a-b-espuma-2","status":"publish","type":"product","link":"https:\/\/demo.perimeter-solutions.com\/es\/product\/phos-chek-1-ff-clase-a-b-espuma-2\/","title":{"rendered":"PHOS-CHEK<sup>\u00ae<\/sup> 1% FF CLASE A \/ B ESPUMA"},"content":{"rendered":"<p><span style=\"color: #000000;\">La primera espuma para extinci\u00f3n de incendios Clase A \/ B certificada sin fl\u00faor, <strong>PHOS-CHEK<sup>\u00ae<\/sup><\/strong> El espum\u00f3geno sin fl\u00faor al 1% es una mezcla de agua e hidrocarburos tensioactivos. Desarrollada para su uso en incendios de combustibles de hidrocarburos de Clase B, esta espuma libre de organohalogenados es un producto de pr\u00f3xima generaci\u00f3n ambientalmente responsable, que demuestra el compromiso de Perimeter Solutions con un desempe\u00f1o superior en la lucha contra incendios y la responsabilidad ambiental. La espuma de clase A \/ B se puede utilizar en m\u00faltiples aplicaciones que van desde incendios estructurales y residenciales; incendios forestales; protecci\u00f3n general de las instalaciones; Peligros de Clase A (materiales combustibles ordinarios como madera, tela, papel, caucho y muchos pl\u00e1sticos); Peligros de clase B que no son combustible en profundidad; (por ejemplo, incendios de veh\u00edculos) y ejercicios de entrenamiento con espuma. La espuma sin fl\u00faor PHOS-CHEK al 1% est\u00e1 dise\u00f1ada para un control y eliminaci\u00f3n r\u00e1pidos en aplicaciones suaves y contundentes en incendios de combustibles de hidrocarburos. El uso de espuma sin fl\u00faor es una opci\u00f3n para incendios de derrames y se encuentra en escenarios de incendios de menor riesgo. La espuma sin fl\u00faor PHOS-CHEK al 1% es un agente humectante extremadamente eficaz para su uso en incendios de Clase A que involucran materiales combustibles comunes como madera, tela, papel, caucho y muchos pl\u00e1sticos. Como nueva herramienta del servicio de bomberos, PHOS-CHEK<sup>\u00ae<\/sup> El concentrado de espuma sin fl\u00faor al 1% es compatible con equipos convencionales de extinci\u00f3n de incendios, como boquillas y monitores de baja expansi\u00f3n sin aspiraci\u00f3n y aspiraci\u00f3n de aire, dispositivos de espuma de expansi\u00f3n media y sistemas de espuma de aire comprimido (CAFS).<\/span><\/p>\n<p><strong>Consulta a tu experto en reglamentaci\u00f3n para conocer las restricciones y normativas aplicables en tu estado o localidad en relaci\u00f3n con la venta y distribuci\u00f3n de concentrados de espuma de la Clase A.<\/strong><\/p>\n<h4>Opciones disponibles<\/h4>\n","protected":false},"excerpt":{"rendered":"<p>La primera espuma para extinci\u00f3n de incendios Clase A \/ B certificada sin fl\u00faor, PHOS-CHEK\u00ae El espum\u00f3geno sin fl\u00faor al 1% es una mezcla de agua e hidrocarburos tensioactivos. Desarrollada [&hellip;]<\/p>\n","protected":false},"featured_media":42433,"template":"","meta":{"_acf_changed":false},"product_cat":[185,195,197],"product_tag":[222,240,258,244],"class_list":{"0":"post-42431","1":"product","2":"type-product","3":"status-publish","4":"has-post-thumbnail","6":"product_cat-class-a-es","7":"product_cat-class-a-b-foam-concentrate-es","8":"product_cat-class-b-fluorine-free-es","9":"product_tag-en-1568-es","10":"product_tag-phos-chek-es","11":"product_tag-tierra-forestale","12":"product_tag-ul-162-es","14":"first","15":"instock","16":"shipping-taxable","17":"purchasable","18":"product-type-simple"},"acf":[],"yoast_head":"<!-- This site is optimized with the Yoast SEO Premium plugin v21.9 (Yoast SEO v23.5) - https:\/\/yoast.com\/wordpress\/plugins\/seo\/ -->\n<title>PHOS-CHEK\u00ae 1% FF CLASE A \/ B ESPUMA - PS Demo site<\/title>\n<meta name=\"description\" content=\"La primera espuma para extinci\u00f3n de incendios Clase A \/ B certificada sin fl\u00faor, PHOS-CHEK \u00ae El espum\u00f3geno sin fl\u00faor al 1% es una mezcla de agua e hidrocarburos tensioactivos. Desarrollada para su uso en incendios de combustibles de hidrocarburos de Clase B, esta espuma libre de organohalogenados es un producto de pr\u00f3xima generaci\u00f3n ambientalmente responsable, que demuestra el compromiso de Perimeter Solutions con un desempe\u00f1o superior en la lucha contra incendios y la responsabilidad ambiental.\" \/>\n<meta name=\"robots\" content=\"noindex, follow, max-snippet:-1, max-image-preview:large, max-video-preview:-1\" \/>\n<meta property=\"og:locale\" content=\"es_ES\" \/>\n<meta property=\"og:type\" content=\"article\" \/>\n<meta property=\"og:title\" content=\"PHOS-CHEK\u00ae 1% FF CLASE A \/ B ESPUMA\" \/>\n<meta property=\"og:description\" content=\"La primera espuma para extinci\u00f3n de incendios Clase A \/ B certificada sin fl\u00faor, PHOS-CHEK \u00ae El espum\u00f3geno sin fl\u00faor al 1% es una mezcla de agua e hidrocarburos tensioactivos. Desarrollada para su uso en incendios de combustibles de hidrocarburos de Clase B, esta espuma libre de organohalogenados es un producto de pr\u00f3xima generaci\u00f3n ambientalmente responsable, que demuestra el compromiso de Perimeter Solutions con un desempe\u00f1o superior en la lucha contra incendios y la responsabilidad ambiental.\" \/>\n<meta property=\"og:url\" content=\"https:\/\/demo.perimeter-solutions.com\/es\/product\/phos-chek-1-ff-clase-a-b-espuma-2\/\" \/>\n<meta property=\"og:site_name\" content=\"PS Demo site\" \/>\n<meta property=\"article:modified_time\" content=\"2024-08-14T22:57:57+00:00\" \/>\n<meta name=\"twitter:card\" content=\"summary_large_image\" \/>\n<meta name=\"twitter:label1\" content=\"Tiempo de lectura\" \/>\n\t<meta name=\"twitter:data1\" content=\"2 minutos\" \/>\n<script type=\"application\/ld+json\" class=\"yoast-schema-graph\">{\"@context\":\"https:\/\/schema.org\",\"@graph\":[{\"@type\":\"WebPage\",\"@id\":\"https:\/\/demo.perimeter-solutions.com\/es\/product\/phos-chek-1-ff-clase-a-b-espuma-2\/\",\"url\":\"https:\/\/demo.perimeter-solutions.com\/es\/product\/phos-chek-1-ff-clase-a-b-espuma-2\/\",\"name\":\"PHOS-CHEK\u00ae 1% FF CLASE A \/ B ESPUMA - PS Demo site\",\"isPartOf\":{\"@id\":\"https:\/\/demo.perimeter-solutions.com\/es\/#website\"},\"primaryImageOfPage\":{\"@id\":\"https:\/\/demo.perimeter-solutions.com\/es\/product\/phos-chek-1-ff-clase-a-b-espuma-2\/#primaryimage\"},\"image\":{\"@id\":\"https:\/\/demo.perimeter-solutions.com\/es\/product\/phos-chek-1-ff-clase-a-b-espuma-2\/#primaryimage\"},\"thumbnailUrl\":\"https:\/\/demo.perimeter-solutions.com\/wp-content\/uploads\/2024\/06\/PC-1-Fluorine-Free-PCC-2019023_letter_v5.3-pdf.jpg\",\"datePublished\":\"2024-06-26T16:18:43+00:00\",\"dateModified\":\"2024-08-14T22:57:57+00:00\",\"description\":\"La primera espuma para extinci\u00f3n de incendios Clase A \/ B certificada sin fl\u00faor, PHOS-CHEK \u00ae El espum\u00f3geno sin fl\u00faor al 1% es una mezcla de agua e hidrocarburos tensioactivos. Desarrollada para su uso en incendios de combustibles de hidrocarburos de Clase B, esta espuma libre de organohalogenados es un producto de pr\u00f3xima generaci\u00f3n ambientalmente responsable, que demuestra el compromiso de Perimeter Solutions con un desempe\u00f1o superior en la lucha contra incendios y la responsabilidad ambiental.\",\"breadcrumb\":{\"@id\":\"https:\/\/demo.perimeter-solutions.com\/es\/product\/phos-chek-1-ff-clase-a-b-espuma-2\/#breadcrumb\"},\"inLanguage\":\"es\",\"potentialAction\":[{\"@type\":\"ReadAction\",\"target\":[\"https:\/\/demo.perimeter-solutions.com\/es\/product\/phos-chek-1-ff-clase-a-b-espuma-2\/\"]}]},{\"@type\":\"ImageObject\",\"inLanguage\":\"es\",\"@id\":\"https:\/\/demo.perimeter-solutions.com\/es\/product\/phos-chek-1-ff-clase-a-b-espuma-2\/#primaryimage\",\"url\":\"https:\/\/demo.perimeter-solutions.com\/wp-content\/uploads\/2024\/06\/PC-1-Fluorine-Free-PCC-2019023_letter_v5.3-pdf.jpg\",\"contentUrl\":\"https:\/\/demo.perimeter-solutions.com\/wp-content\/uploads\/2024\/06\/PC-1-Fluorine-Free-PCC-2019023_letter_v5.3-pdf.jpg\"},{\"@type\":\"BreadcrumbList\",\"@id\":\"https:\/\/demo.perimeter-solutions.com\/es\/product\/phos-chek-1-ff-clase-a-b-espuma-2\/#breadcrumb\",\"itemListElement\":[{\"@type\":\"ListItem\",\"position\":1,\"name\":\"Cat\u00e1logo de productos\",\"item\":\"https:\/\/demo.perimeter-solutions.com\/es\/product-catalog\/\"},{\"@type\":\"ListItem\",\"position\":2,\"name\":\"PHOS-CHEK\u00ae 1% FF CLASE A \/ B ESPUMA\"}]},{\"@type\":\"WebSite\",\"@id\":\"https:\/\/demo.perimeter-solutions.com\/es\/#website\",\"url\":\"https:\/\/demo.perimeter-solutions.com\/es\/\",\"name\":\"PS Demo site\",\"description\":\"\",\"publisher\":{\"@id\":\"https:\/\/demo.perimeter-solutions.com\/es\/#organization\"},\"potentialAction\":[{\"@type\":\"SearchAction\",\"target\":{\"@type\":\"EntryPoint\",\"urlTemplate\":\"https:\/\/demo.perimeter-solutions.com\/es\/?s={search_term_string}\"},\"query-input\":{\"@type\":\"PropertyValueSpecification\",\"valueRequired\":true,\"valueName\":\"search_term_string\"}}],\"inLanguage\":\"es\"},{\"@type\":\"Organization\",\"@id\":\"https:\/\/demo.perimeter-solutions.com\/es\/#organization\",\"name\":\"Perimeter Solutions\",\"url\":\"https:\/\/demo.perimeter-solutions.com\/es\/\",\"logo\":{\"@type\":\"ImageObject\",\"inLanguage\":\"es\",\"@id\":\"https:\/\/demo.perimeter-solutions.com\/es\/#\/schema\/logo\/image\/\",\"url\":\"https:\/\/demo.perimeter-solutions.com\/wp-content\/uploads\/2021\/02\/perimeter-logo-RGB.png\",\"contentUrl\":\"https:\/\/demo.perimeter-solutions.com\/wp-content\/uploads\/2021\/02\/perimeter-logo-RGB.png\",\"width\":794,\"height\":138,\"caption\":\"Perimeter Solutions\"},\"image\":{\"@id\":\"https:\/\/demo.perimeter-solutions.com\/es\/#\/schema\/logo\/image\/\"}}]}<\/script>\n<!-- \/ Yoast SEO Premium plugin. -->","yoast_head_json":{"title":"PHOS-CHEK\u00ae 1% FF CLASE A \/ B ESPUMA - PS Demo site","description":"La primera espuma para extinci\u00f3n de incendios Clase A \/ B certificada sin fl\u00faor, PHOS-CHEK \u00ae El espum\u00f3geno sin fl\u00faor al 1% es una mezcla de agua e hidrocarburos tensioactivos. Desarrollada para su uso en incendios de combustibles de hidrocarburos de Clase B, esta espuma libre de organohalogenados es un producto de pr\u00f3xima generaci\u00f3n ambientalmente responsable, que demuestra el compromiso de Perimeter Solutions con un desempe\u00f1o superior en la lucha contra incendios y la responsabilidad ambiental.","robots":{"index":"noindex","follow":"follow","max-snippet":"max-snippet:-1","max-image-preview":"max-image-preview:large","max-video-preview":"max-video-preview:-1"},"og_locale":"es_ES","og_type":"article","og_title":"PHOS-CHEK\u00ae 1% FF CLASE A \/ B ESPUMA","og_description":"La primera espuma para extinci\u00f3n de incendios Clase A \/ B certificada sin fl\u00faor, PHOS-CHEK \u00ae El espum\u00f3geno sin fl\u00faor al 1% es una mezcla de agua e hidrocarburos tensioactivos. Desarrollada para su uso en incendios de combustibles de hidrocarburos de Clase B, esta espuma libre de organohalogenados es un producto de pr\u00f3xima generaci\u00f3n ambientalmente responsable, que demuestra el compromiso de Perimeter Solutions con un desempe\u00f1o superior en la lucha contra incendios y la responsabilidad ambiental.","og_url":"https:\/\/demo.perimeter-solutions.com\/es\/product\/phos-chek-1-ff-clase-a-b-espuma-2\/","og_site_name":"PS Demo site","article_modified_time":"2024-08-14T22:57:57+00:00","twitter_card":"summary_large_image","twitter_misc":{"Tiempo de lectura":"2 minutos"},"schema":{"@context":"https:\/\/schema.org","@graph":[{"@type":"WebPage","@id":"https:\/\/demo.perimeter-solutions.com\/es\/product\/phos-chek-1-ff-clase-a-b-espuma-2\/","url":"https:\/\/demo.perimeter-solutions.com\/es\/product\/phos-chek-1-ff-clase-a-b-espuma-2\/","name":"PHOS-CHEK\u00ae 1% FF CLASE A \/ B ESPUMA - PS Demo site","isPartOf":{"@id":"https:\/\/demo.perimeter-solutions.com\/es\/#website"},"primaryImageOfPage":{"@id":"https:\/\/demo.perimeter-solutions.com\/es\/product\/phos-chek-1-ff-clase-a-b-espuma-2\/#primaryimage"},"image":{"@id":"https:\/\/demo.perimeter-solutions.com\/es\/product\/phos-chek-1-ff-clase-a-b-espuma-2\/#primaryimage"},"thumbnailUrl":"https:\/\/demo.perimeter-solutions.com\/wp-content\/uploads\/2024\/06\/PC-1-Fluorine-Free-PCC-2019023_letter_v5.3-pdf.jpg","datePublished":"2024-06-26T16:18:43+00:00","dateModified":"2024-08-14T22:57:57+00:00","description":"La primera espuma para extinci\u00f3n de incendios Clase A \/ B certificada sin fl\u00faor, PHOS-CHEK \u00ae El espum\u00f3geno sin fl\u00faor al 1% es una mezcla de agua e hidrocarburos tensioactivos. Desarrollada para su uso en incendios de combustibles de hidrocarburos de Clase B, esta espuma libre de organohalogenados es un producto de pr\u00f3xima generaci\u00f3n ambientalmente responsable, que demuestra el compromiso de Perimeter Solutions con un desempe\u00f1o superior en la lucha contra incendios y la responsabilidad ambiental.","breadcrumb":{"@id":"https:\/\/demo.perimeter-solutions.com\/es\/product\/phos-chek-1-ff-clase-a-b-espuma-2\/#breadcrumb"},"inLanguage":"es","potentialAction":[{"@type":"ReadAction","target":["https:\/\/demo.perimeter-solutions.com\/es\/product\/phos-chek-1-ff-clase-a-b-espuma-2\/"]}]},{"@type":"ImageObject","inLanguage":"es","@id":"https:\/\/demo.perimeter-solutions.com\/es\/product\/phos-chek-1-ff-clase-a-b-espuma-2\/#primaryimage","url":"https:\/\/demo.perimeter-solutions.com\/wp-content\/uploads\/2024\/06\/PC-1-Fluorine-Free-PCC-2019023_letter_v5.3-pdf.jpg","contentUrl":"https:\/\/demo.perimeter-solutions.com\/wp-content\/uploads\/2024\/06\/PC-1-Fluorine-Free-PCC-2019023_letter_v5.3-pdf.jpg"},{"@type":"BreadcrumbList","@id":"https:\/\/demo.perimeter-solutions.com\/es\/product\/phos-chek-1-ff-clase-a-b-espuma-2\/#breadcrumb","itemListElement":[{"@type":"ListItem","position":1,"name":"Cat\u00e1logo de productos","item":"https:\/\/demo.perimeter-solutions.com\/es\/product-catalog\/"},{"@type":"ListItem","position":2,"name":"PHOS-CHEK\u00ae 1% FF CLASE A \/ B ESPUMA"}]},{"@type":"WebSite","@id":"https:\/\/demo.perimeter-solutions.com\/es\/#website","url":"https:\/\/demo.perimeter-solutions.com\/es\/","name":"PS Demo site","description":"","publisher":{"@id":"https:\/\/demo.perimeter-solutions.com\/es\/#organization"},"potentialAction":[{"@type":"SearchAction","target":{"@type":"EntryPoint","urlTemplate":"https:\/\/demo.perimeter-solutions.com\/es\/?s={search_term_string}"},"query-input":{"@type":"PropertyValueSpecification","valueRequired":true,"valueName":"search_term_string"}}],"inLanguage":"es"},{"@type":"Organization","@id":"https:\/\/demo.perimeter-solutions.com\/es\/#organization","name":"Perimeter Solutions","url":"https:\/\/demo.perimeter-solutions.com\/es\/","logo":{"@type":"ImageObject","inLanguage":"es","@id":"https:\/\/demo.perimeter-solutions.com\/es\/#\/schema\/logo\/image\/","url":"https:\/\/demo.perimeter-solutions.com\/wp-content\/uploads\/2021\/02\/perimeter-logo-RGB.png","contentUrl":"https:\/\/demo.perimeter-solutions.com\/wp-content\/uploads\/2021\/02\/perimeter-logo-RGB.png","width":794,"height":138,"caption":"Perimeter Solutions"},"image":{"@id":"https:\/\/demo.perimeter-solutions.com\/es\/#\/schema\/logo\/image\/"}}]}},"_links":{"self":[{"href":"https:\/\/demo.perimeter-solutions.com\/es\/wp-json\/wp\/v2\/product\/42431","targetHints":{"allow":["GET"]}}],"collection":[{"href":"https:\/\/demo.perimeter-solutions.com\/es\/wp-json\/wp\/v2\/product"}],"about":[{"href":"https:\/\/demo.perimeter-solutions.com\/es\/wp-json\/wp\/v2\/types\/product"}],"wp:featuredmedia":[{"embeddable":true,"href":"https:\/\/demo.perimeter-solutions.com\/es\/wp-json\/wp\/v2\/media\/42433"}],"wp:attachment":[{"href":"https:\/\/demo.perimeter-solutions.com\/es\/wp-json\/wp\/v2\/media?parent=42431"}],"wp:term":[{"taxonomy":"product_cat","embeddable":true,"href":"https:\/\/demo.perimeter-solutions.com\/es\/wp-json\/wp\/v2\/product_cat?post=42431"},{"taxonomy":"product_tag","embeddable":true,"href":"https:\/\/demo.perimeter-solutions.com\/es\/wp-json\/wp\/v2\/product_tag?post=42431"}],"curies":[{"name":"wp","href":"https:\/\/api.w.org\/{rel}","templated":true}]}}