{"id":42462,"date":"2024-06-27T11:46:53","date_gmt":"2024-06-27T15:46:53","guid":{"rendered":"https:\/\/demo.perimeter-solutions.com\/product\/auxquimia-aquafilm-ex-1-ex10\/"},"modified":"2024-08-16T12:14:11","modified_gmt":"2024-08-16T16:14:11","slug":"auxquimia-aquafilm-ex-1-ex10","status":"publish","type":"product","link":"https:\/\/demo.perimeter-solutions.com\/es\/product\/auxquimia-aquafilm-ex-1-ex10\/","title":{"rendered":"AUXQUIMIA<sup>\u00ae<\/sup> AQUAFILM EX 1 \/ EX10"},"content":{"rendered":"<p><span style=\"color: #000000;\"><strong>AUXQUIMIA<sup>\u00ae<\/sup> AQUAFILM<sup>\u00ae<\/sup> EX-1 y EX-10<\/strong> son aditivos extintores de espuma formadora de pel\u00edcula acuosa (AFFF) para la supresi\u00f3n de incendios de hidrocarburos.<\/span><\/p>\n<p><span style=\"color: #000000;\">Debido a sus caracter\u00edsticas mejoradas de pel\u00edcula acuosa, ambos productos se extinguen muy r\u00e1pidamente en combustibles ligeros, cuando se aplican en forma de espuma o spray. Presentan \u00edndices de corrosi\u00f3n excepcionalmente bajos en acero al carbono y aleaciones ligeras.<\/span><\/p>\n<p><span style=\"color: #000000;\">AUXQUIMIA AQUAFILM EX-1 est\u00e1 especialmente dise\u00f1ado para su uso en extintores port\u00e1tiles a una tasa de dosis del 1%. Se puede utilizar con equipos de espuma de baja expansi\u00f3n (boquillas de espuma) y dispositivos sin aspiraci\u00f3n (boquillas de aspersi\u00f3n de agua y aspersores est\u00e1ndar).<\/span><\/p>\n<p><span style=\"color: #000000;\">AUXQUIMIA AQUAFILM EX-10 est\u00e1 especialmente dise\u00f1ado para su uso en extintores port\u00e1tiles a una tasa de dosis de entre el 6% y el 10%. Se puede utilizar con equipos de espuma de baja expansi\u00f3n (boquillas de espuma) y dispositivos sin aspiraci\u00f3n (boquillas de aspersi\u00f3n de agua y aspersores est\u00e1ndar). Adem\u00e1s de los tensioactivos t\u00edpicos de AFFF, contiene sales especiales para aumentar su rendimiento en fuegos Clase A (s\u00f3lidos).<\/span><\/p>\n<p><span style=\"color: #000000;\"><strong>Consulta con tu experto en reglamentaci\u00f3n para conocer las restricciones y normativas aplicables en tu estado o localidad con respecto a la venta y distribuci\u00f3n de Agentes Extintores.<\/strong><\/span><\/p>\n<h4>Opciones disponibles<\/h4>\n","protected":false},"excerpt":{"rendered":"<p>AUXQUIMIA\u00ae AQUAFILM\u00ae EX-1 y EX-10 son aditivos extintores de espuma formadora de pel\u00edcula acuosa (AFFF) para la supresi\u00f3n de incendios de hidrocarburos. Debido a sus caracter\u00edsticas mejoradas de pel\u00edcula acuosa, [&hellip;]<\/p>\n","protected":false},"featured_media":42464,"template":"","meta":{"_acf_changed":false},"product_cat":[191,205],"product_tag":[214],"class_list":{"0":"post-42462","1":"product","2":"type-product","3":"status-publish","4":"has-post-thumbnail","6":"product_cat-fire-extinguisher-agents-es","7":"product_cat-fluorinated-class-b-agents-es","8":"product_tag-auxquimia-es","10":"first","11":"instock","12":"shipping-taxable","13":"purchasable","14":"product-type-simple"},"acf":[],"yoast_head":"<!-- This site is optimized with the Yoast SEO Premium plugin v21.9 (Yoast SEO v23.5) - https:\/\/yoast.com\/wordpress\/plugins\/seo\/ -->\n<title>AUXQUIMIA\u00ae AQUAFILM EX 1 \/ EX10 - PS Demo site<\/title>\n<meta name=\"description\" content=\"AUXQUIMIA AQUAFILM\u00ae EX-1 y EX-10 son aditivos extintores de espuma formadora de pel\u00edcula acuosa (AFFF) para la supresi\u00f3n de incendios de hidrocarburos.\" \/>\n<meta name=\"robots\" content=\"noindex, follow, max-snippet:-1, max-image-preview:large, max-video-preview:-1\" \/>\n<meta property=\"og:locale\" content=\"es_ES\" \/>\n<meta property=\"og:type\" content=\"article\" \/>\n<meta property=\"og:title\" content=\"AUXQUIMIA\u00ae AQUAFILM EX 1 \/ EX10\" \/>\n<meta property=\"og:description\" content=\"AUXQUIMIA AQUAFILM\u00ae EX-1 y EX-10 son aditivos extintores de espuma formadora de pel\u00edcula acuosa (AFFF) para la supresi\u00f3n de incendios de hidrocarburos.\" \/>\n<meta property=\"og:url\" content=\"https:\/\/demo.perimeter-solutions.com\/es\/product\/auxquimia-aquafilm-ex-1-ex10\/\" \/>\n<meta property=\"og:site_name\" content=\"PS Demo site\" \/>\n<meta property=\"article:modified_time\" content=\"2024-08-16T16:14:11+00:00\" \/>\n<meta property=\"og:image\" content=\"https:\/\/demo.perimeter-solutions.com\/wp-content\/uploads\/2024\/06\/AQUAFILM_EX-1-Eng-LETTER_Page_1.jpg\" \/>\n\t<meta property=\"og:image:width\" content=\"1700\" \/>\n\t<meta property=\"og:image:height\" content=\"2200\" \/>\n\t<meta property=\"og:image:type\" content=\"image\/jpeg\" \/>\n<meta name=\"twitter:card\" content=\"summary_large_image\" \/>\n<meta name=\"twitter:label1\" content=\"Tiempo de lectura\" \/>\n\t<meta name=\"twitter:data1\" content=\"2 minutos\" \/>\n<script type=\"application\/ld+json\" class=\"yoast-schema-graph\">{\"@context\":\"https:\/\/schema.org\",\"@graph\":[{\"@type\":\"WebPage\",\"@id\":\"https:\/\/demo.perimeter-solutions.com\/es\/product\/auxquimia-aquafilm-ex-1-ex10\/\",\"url\":\"https:\/\/demo.perimeter-solutions.com\/es\/product\/auxquimia-aquafilm-ex-1-ex10\/\",\"name\":\"AUXQUIMIA\u00ae AQUAFILM EX 1 \/ EX10 - PS Demo site\",\"isPartOf\":{\"@id\":\"https:\/\/demo.perimeter-solutions.com\/es\/#website\"},\"primaryImageOfPage\":{\"@id\":\"https:\/\/demo.perimeter-solutions.com\/es\/product\/auxquimia-aquafilm-ex-1-ex10\/#primaryimage\"},\"image\":{\"@id\":\"https:\/\/demo.perimeter-solutions.com\/es\/product\/auxquimia-aquafilm-ex-1-ex10\/#primaryimage\"},\"thumbnailUrl\":\"https:\/\/demo.perimeter-solutions.com\/wp-content\/uploads\/2024\/06\/AQUAFILM_EX-1-Eng-LETTER_Page_1.jpg\",\"datePublished\":\"2024-06-27T15:46:53+00:00\",\"dateModified\":\"2024-08-16T16:14:11+00:00\",\"description\":\"AUXQUIMIA AQUAFILM\u00ae EX-1 y EX-10 son aditivos extintores de espuma formadora de pel\u00edcula acuosa (AFFF) para la supresi\u00f3n de incendios de hidrocarburos.\",\"breadcrumb\":{\"@id\":\"https:\/\/demo.perimeter-solutions.com\/es\/product\/auxquimia-aquafilm-ex-1-ex10\/#breadcrumb\"},\"inLanguage\":\"es\",\"potentialAction\":[{\"@type\":\"ReadAction\",\"target\":[\"https:\/\/demo.perimeter-solutions.com\/es\/product\/auxquimia-aquafilm-ex-1-ex10\/\"]}]},{\"@type\":\"ImageObject\",\"inLanguage\":\"es\",\"@id\":\"https:\/\/demo.perimeter-solutions.com\/es\/product\/auxquimia-aquafilm-ex-1-ex10\/#primaryimage\",\"url\":\"https:\/\/demo.perimeter-solutions.com\/wp-content\/uploads\/2024\/06\/AQUAFILM_EX-1-Eng-LETTER_Page_1.jpg\",\"contentUrl\":\"https:\/\/demo.perimeter-solutions.com\/wp-content\/uploads\/2024\/06\/AQUAFILM_EX-1-Eng-LETTER_Page_1.jpg\",\"width\":1700,\"height\":2200},{\"@type\":\"BreadcrumbList\",\"@id\":\"https:\/\/demo.perimeter-solutions.com\/es\/product\/auxquimia-aquafilm-ex-1-ex10\/#breadcrumb\",\"itemListElement\":[{\"@type\":\"ListItem\",\"position\":1,\"name\":\"Cat\u00e1logo de productos\",\"item\":\"https:\/\/demo.perimeter-solutions.com\/es\/product-catalog\/\"},{\"@type\":\"ListItem\",\"position\":2,\"name\":\"AUXQUIMIA\u00ae AQUAFILM EX 1 \/ EX10\"}]},{\"@type\":\"WebSite\",\"@id\":\"https:\/\/demo.perimeter-solutions.com\/es\/#website\",\"url\":\"https:\/\/demo.perimeter-solutions.com\/es\/\",\"name\":\"PS Demo site\",\"description\":\"\",\"publisher\":{\"@id\":\"https:\/\/demo.perimeter-solutions.com\/es\/#organization\"},\"potentialAction\":[{\"@type\":\"SearchAction\",\"target\":{\"@type\":\"EntryPoint\",\"urlTemplate\":\"https:\/\/demo.perimeter-solutions.com\/es\/?s={search_term_string}\"},\"query-input\":{\"@type\":\"PropertyValueSpecification\",\"valueRequired\":true,\"valueName\":\"search_term_string\"}}],\"inLanguage\":\"es\"},{\"@type\":\"Organization\",\"@id\":\"https:\/\/demo.perimeter-solutions.com\/es\/#organization\",\"name\":\"Perimeter Solutions\",\"url\":\"https:\/\/demo.perimeter-solutions.com\/es\/\",\"logo\":{\"@type\":\"ImageObject\",\"inLanguage\":\"es\",\"@id\":\"https:\/\/demo.perimeter-solutions.com\/es\/#\/schema\/logo\/image\/\",\"url\":\"https:\/\/demo.perimeter-solutions.com\/wp-content\/uploads\/2021\/02\/perimeter-logo-RGB.png\",\"contentUrl\":\"https:\/\/demo.perimeter-solutions.com\/wp-content\/uploads\/2021\/02\/perimeter-logo-RGB.png\",\"width\":794,\"height\":138,\"caption\":\"Perimeter Solutions\"},\"image\":{\"@id\":\"https:\/\/demo.perimeter-solutions.com\/es\/#\/schema\/logo\/image\/\"}}]}<\/script>\n<!-- \/ Yoast SEO Premium plugin. -->","yoast_head_json":{"title":"AUXQUIMIA\u00ae AQUAFILM EX 1 \/ EX10 - PS Demo site","description":"AUXQUIMIA AQUAFILM\u00ae EX-1 y EX-10 son aditivos extintores de espuma formadora de pel\u00edcula acuosa (AFFF) para la supresi\u00f3n de incendios de hidrocarburos.","robots":{"index":"noindex","follow":"follow","max-snippet":"max-snippet:-1","max-image-preview":"max-image-preview:large","max-video-preview":"max-video-preview:-1"},"og_locale":"es_ES","og_type":"article","og_title":"AUXQUIMIA\u00ae AQUAFILM EX 1 \/ EX10","og_description":"AUXQUIMIA AQUAFILM\u00ae EX-1 y EX-10 son aditivos extintores de espuma formadora de pel\u00edcula acuosa (AFFF) para la supresi\u00f3n de incendios de hidrocarburos.","og_url":"https:\/\/demo.perimeter-solutions.com\/es\/product\/auxquimia-aquafilm-ex-1-ex10\/","og_site_name":"PS Demo site","article_modified_time":"2024-08-16T16:14:11+00:00","og_image":[{"width":1700,"height":2200,"url":"https:\/\/demo.perimeter-solutions.com\/wp-content\/uploads\/2024\/06\/AQUAFILM_EX-1-Eng-LETTER_Page_1.jpg","type":"image\/jpeg"}],"twitter_card":"summary_large_image","twitter_misc":{"Tiempo de lectura":"2 minutos"},"schema":{"@context":"https:\/\/schema.org","@graph":[{"@type":"WebPage","@id":"https:\/\/demo.perimeter-solutions.com\/es\/product\/auxquimia-aquafilm-ex-1-ex10\/","url":"https:\/\/demo.perimeter-solutions.com\/es\/product\/auxquimia-aquafilm-ex-1-ex10\/","name":"AUXQUIMIA\u00ae AQUAFILM EX 1 \/ EX10 - PS Demo site","isPartOf":{"@id":"https:\/\/demo.perimeter-solutions.com\/es\/#website"},"primaryImageOfPage":{"@id":"https:\/\/demo.perimeter-solutions.com\/es\/product\/auxquimia-aquafilm-ex-1-ex10\/#primaryimage"},"image":{"@id":"https:\/\/demo.perimeter-solutions.com\/es\/product\/auxquimia-aquafilm-ex-1-ex10\/#primaryimage"},"thumbnailUrl":"https:\/\/demo.perimeter-solutions.com\/wp-content\/uploads\/2024\/06\/AQUAFILM_EX-1-Eng-LETTER_Page_1.jpg","datePublished":"2024-06-27T15:46:53+00:00","dateModified":"2024-08-16T16:14:11+00:00","description":"AUXQUIMIA AQUAFILM\u00ae EX-1 y EX-10 son aditivos extintores de espuma formadora de pel\u00edcula acuosa (AFFF) para la supresi\u00f3n de incendios de hidrocarburos.","breadcrumb":{"@id":"https:\/\/demo.perimeter-solutions.com\/es\/product\/auxquimia-aquafilm-ex-1-ex10\/#breadcrumb"},"inLanguage":"es","potentialAction":[{"@type":"ReadAction","target":["https:\/\/demo.perimeter-solutions.com\/es\/product\/auxquimia-aquafilm-ex-1-ex10\/"]}]},{"@type":"ImageObject","inLanguage":"es","@id":"https:\/\/demo.perimeter-solutions.com\/es\/product\/auxquimia-aquafilm-ex-1-ex10\/#primaryimage","url":"https:\/\/demo.perimeter-solutions.com\/wp-content\/uploads\/2024\/06\/AQUAFILM_EX-1-Eng-LETTER_Page_1.jpg","contentUrl":"https:\/\/demo.perimeter-solutions.com\/wp-content\/uploads\/2024\/06\/AQUAFILM_EX-1-Eng-LETTER_Page_1.jpg","width":1700,"height":2200},{"@type":"BreadcrumbList","@id":"https:\/\/demo.perimeter-solutions.com\/es\/product\/auxquimia-aquafilm-ex-1-ex10\/#breadcrumb","itemListElement":[{"@type":"ListItem","position":1,"name":"Cat\u00e1logo de productos","item":"https:\/\/demo.perimeter-solutions.com\/es\/product-catalog\/"},{"@type":"ListItem","position":2,"name":"AUXQUIMIA\u00ae AQUAFILM EX 1 \/ EX10"}]},{"@type":"WebSite","@id":"https:\/\/demo.perimeter-solutions.com\/es\/#website","url":"https:\/\/demo.perimeter-solutions.com\/es\/","name":"PS Demo site","description":"","publisher":{"@id":"https:\/\/demo.perimeter-solutions.com\/es\/#organization"},"potentialAction":[{"@type":"SearchAction","target":{"@type":"EntryPoint","urlTemplate":"https:\/\/demo.perimeter-solutions.com\/es\/?s={search_term_string}"},"query-input":{"@type":"PropertyValueSpecification","valueRequired":true,"valueName":"search_term_string"}}],"inLanguage":"es"},{"@type":"Organization","@id":"https:\/\/demo.perimeter-solutions.com\/es\/#organization","name":"Perimeter Solutions","url":"https:\/\/demo.perimeter-solutions.com\/es\/","logo":{"@type":"ImageObject","inLanguage":"es","@id":"https:\/\/demo.perimeter-solutions.com\/es\/#\/schema\/logo\/image\/","url":"https:\/\/demo.perimeter-solutions.com\/wp-content\/uploads\/2021\/02\/perimeter-logo-RGB.png","contentUrl":"https:\/\/demo.perimeter-solutions.com\/wp-content\/uploads\/2021\/02\/perimeter-logo-RGB.png","width":794,"height":138,"caption":"Perimeter Solutions"},"image":{"@id":"https:\/\/demo.perimeter-solutions.com\/es\/#\/schema\/logo\/image\/"}}]}},"_links":{"self":[{"href":"https:\/\/demo.perimeter-solutions.com\/es\/wp-json\/wp\/v2\/product\/42462","targetHints":{"allow":["GET"]}}],"collection":[{"href":"https:\/\/demo.perimeter-solutions.com\/es\/wp-json\/wp\/v2\/product"}],"about":[{"href":"https:\/\/demo.perimeter-solutions.com\/es\/wp-json\/wp\/v2\/types\/product"}],"wp:featuredmedia":[{"embeddable":true,"href":"https:\/\/demo.perimeter-solutions.com\/es\/wp-json\/wp\/v2\/media\/42464"}],"wp:attachment":[{"href":"https:\/\/demo.perimeter-solutions.com\/es\/wp-json\/wp\/v2\/media?parent=42462"}],"wp:term":[{"taxonomy":"product_cat","embeddable":true,"href":"https:\/\/demo.perimeter-solutions.com\/es\/wp-json\/wp\/v2\/product_cat?post=42462"},{"taxonomy":"product_tag","embeddable":true,"href":"https:\/\/demo.perimeter-solutions.com\/es\/wp-json\/wp\/v2\/product_tag?post=42462"}],"curies":[{"name":"wp","href":"https:\/\/api.w.org\/{rel}","templated":true}]}}