{"id":42478,"date":"2024-06-27T11:59:32","date_gmt":"2024-06-27T15:59:32","guid":{"rendered":"https:\/\/demo.perimeter-solutions.com\/product\/auxquimia-f-334\/"},"modified":"2024-08-14T18:44:51","modified_gmt":"2024-08-14T22:44:51","slug":"auxquimia-f-334","status":"publish","type":"product","link":"https:\/\/demo.perimeter-solutions.com\/es\/product\/auxquimia-f-334\/","title":{"rendered":"AUXQUIMIA F-334"},"content":{"rendered":"<p><strong>AUXQUIMIA F-334<\/strong> es una soluci\u00f3n a base de agua de polifosfato de amonio. Se utiliza como retardante del fuego para la protecci\u00f3n de productos s\u00f3lidos. En fuegos de clase A, AUXQUIMIA F-334 logra una r\u00e1pida ca\u00edda modificando el proceso de combusti\u00f3n del material y evitando la reignici\u00f3n.<\/p>\n<p>AUXQUIMIA F-334 ha sido especialmente dise\u00f1ado para su uso en extintores port\u00e1tiles, y tambi\u00e9n se puede utilizar con boquillas rociadoras para proteger superficies s\u00f3lidas como papel, madera, carb\u00f3n, etc. AUXQUIMIA F-334 se puede usar en combinaci\u00f3n con agentes AFFF para mejorar su desempe\u00f1o de clase A; en ese caso, ser\u00e1 necesario comprobar la estabilidad y el rendimiento de las soluciones finales.<\/p>\n<p>Las tasas de diluci\u00f3n para AUXQUIMIA F-334 son del 5% al 40% en agua, seg\u00fan el rendimiento deseado. Se puede utilizar como premezcla a\u00f1adiendo el producto directamente al agua (por ejemplo, en extintores port\u00e1tiles).<\/p>\n<p><span style=\"color: #000000;\"><strong>Consulta con tu experto en reglamentaci\u00f3n para conocer las restricciones y normativas aplicables en tu estado o localidad con respecto a la venta y distribuci\u00f3n de Agentes Extintores.<\/strong><\/span><\/p>\n<h4>Opciones disponibles<\/h4>\n","protected":false},"excerpt":{"rendered":"<p>ADITIVOS PARA EXTINTORES DE INCENDIOS DE CLASE A<\/p>\n","protected":false},"featured_media":42480,"template":"","meta":{"_acf_changed":false},"product_cat":[185,191,208],"product_tag":[214],"class_list":{"0":"post-42478","1":"product","2":"type-product","3":"status-publish","4":"has-post-thumbnail","6":"product_cat-class-a-es","7":"product_cat-fire-extinguisher-agents-es","8":"product_cat-other-agents-es","9":"product_tag-auxquimia-es","11":"first","12":"instock","13":"shipping-taxable","14":"purchasable","15":"product-type-simple"},"acf":[],"yoast_head":"<!-- This site is optimized with the Yoast SEO Premium plugin v21.9 (Yoast SEO v23.5) - https:\/\/yoast.com\/wordpress\/plugins\/seo\/ -->\n<title>AUXQUIMIA F-334 - PS Demo site<\/title>\n<meta name=\"description\" content=\"AUXQUIMIA F-334 es una soluci\u00f3n a base de agua de polifosfato de amonio. Se utiliza como retardante del fuego para la protecci\u00f3n de productos s\u00f3lidos. En fuegos de clase A, AUXQUIMIA F-334 logra una r\u00e1pida ca\u00edda modificando el proceso de combusti\u00f3n del material y evitando la reignici\u00f3n.\" \/>\n<meta name=\"robots\" content=\"noindex, follow, max-snippet:-1, max-image-preview:large, max-video-preview:-1\" \/>\n<meta property=\"og:locale\" content=\"es_ES\" \/>\n<meta property=\"og:type\" content=\"article\" \/>\n<meta property=\"og:title\" content=\"AUXQUIMIA F-334\" \/>\n<meta property=\"og:description\" content=\"AUXQUIMIA F-334 es una soluci\u00f3n a base de agua de polifosfato de amonio. Se utiliza como retardante del fuego para la protecci\u00f3n de productos s\u00f3lidos. En fuegos de clase A, AUXQUIMIA F-334 logra una r\u00e1pida ca\u00edda modificando el proceso de combusti\u00f3n del material y evitando la reignici\u00f3n.\" \/>\n<meta property=\"og:url\" content=\"https:\/\/demo.perimeter-solutions.com\/es\/product\/auxquimia-f-334\/\" \/>\n<meta property=\"og:site_name\" content=\"PS Demo site\" \/>\n<meta property=\"article:modified_time\" content=\"2024-08-14T22:44:51+00:00\" \/>\n<meta property=\"og:image\" content=\"https:\/\/demo.perimeter-solutions.com\/wp-content\/uploads\/2024\/06\/AUXQUIMIA-F-334_Page_1.jpg\" \/>\n\t<meta property=\"og:image:width\" content=\"1275\" \/>\n\t<meta property=\"og:image:height\" content=\"1650\" \/>\n\t<meta property=\"og:image:type\" content=\"image\/jpeg\" \/>\n<meta name=\"twitter:card\" content=\"summary_large_image\" \/>\n<meta name=\"twitter:label1\" content=\"Tiempo de lectura\" \/>\n\t<meta name=\"twitter:data1\" content=\"1 minuto\" \/>\n<script type=\"application\/ld+json\" class=\"yoast-schema-graph\">{\"@context\":\"https:\/\/schema.org\",\"@graph\":[{\"@type\":\"WebPage\",\"@id\":\"https:\/\/demo.perimeter-solutions.com\/es\/product\/auxquimia-f-334\/\",\"url\":\"https:\/\/demo.perimeter-solutions.com\/es\/product\/auxquimia-f-334\/\",\"name\":\"AUXQUIMIA F-334 - PS Demo site\",\"isPartOf\":{\"@id\":\"https:\/\/demo.perimeter-solutions.com\/es\/#website\"},\"primaryImageOfPage\":{\"@id\":\"https:\/\/demo.perimeter-solutions.com\/es\/product\/auxquimia-f-334\/#primaryimage\"},\"image\":{\"@id\":\"https:\/\/demo.perimeter-solutions.com\/es\/product\/auxquimia-f-334\/#primaryimage\"},\"thumbnailUrl\":\"https:\/\/demo.perimeter-solutions.com\/wp-content\/uploads\/2024\/06\/AUXQUIMIA-F-334_Page_1.jpg\",\"datePublished\":\"2024-06-27T15:59:32+00:00\",\"dateModified\":\"2024-08-14T22:44:51+00:00\",\"description\":\"AUXQUIMIA F-334 es una soluci\u00f3n a base de agua de polifosfato de amonio. Se utiliza como retardante del fuego para la protecci\u00f3n de productos s\u00f3lidos. En fuegos de clase A, AUXQUIMIA F-334 logra una r\u00e1pida ca\u00edda modificando el proceso de combusti\u00f3n del material y evitando la reignici\u00f3n.\",\"breadcrumb\":{\"@id\":\"https:\/\/demo.perimeter-solutions.com\/es\/product\/auxquimia-f-334\/#breadcrumb\"},\"inLanguage\":\"es\",\"potentialAction\":[{\"@type\":\"ReadAction\",\"target\":[\"https:\/\/demo.perimeter-solutions.com\/es\/product\/auxquimia-f-334\/\"]}]},{\"@type\":\"ImageObject\",\"inLanguage\":\"es\",\"@id\":\"https:\/\/demo.perimeter-solutions.com\/es\/product\/auxquimia-f-334\/#primaryimage\",\"url\":\"https:\/\/demo.perimeter-solutions.com\/wp-content\/uploads\/2024\/06\/AUXQUIMIA-F-334_Page_1.jpg\",\"contentUrl\":\"https:\/\/demo.perimeter-solutions.com\/wp-content\/uploads\/2024\/06\/AUXQUIMIA-F-334_Page_1.jpg\",\"width\":1275,\"height\":1650},{\"@type\":\"BreadcrumbList\",\"@id\":\"https:\/\/demo.perimeter-solutions.com\/es\/product\/auxquimia-f-334\/#breadcrumb\",\"itemListElement\":[{\"@type\":\"ListItem\",\"position\":1,\"name\":\"Cat\u00e1logo de productos\",\"item\":\"https:\/\/demo.perimeter-solutions.com\/es\/product-catalog\/\"},{\"@type\":\"ListItem\",\"position\":2,\"name\":\"AUXQUIMIA F-334\"}]},{\"@type\":\"WebSite\",\"@id\":\"https:\/\/demo.perimeter-solutions.com\/es\/#website\",\"url\":\"https:\/\/demo.perimeter-solutions.com\/es\/\",\"name\":\"PS Demo site\",\"description\":\"\",\"publisher\":{\"@id\":\"https:\/\/demo.perimeter-solutions.com\/es\/#organization\"},\"potentialAction\":[{\"@type\":\"SearchAction\",\"target\":{\"@type\":\"EntryPoint\",\"urlTemplate\":\"https:\/\/demo.perimeter-solutions.com\/es\/?s={search_term_string}\"},\"query-input\":{\"@type\":\"PropertyValueSpecification\",\"valueRequired\":true,\"valueName\":\"search_term_string\"}}],\"inLanguage\":\"es\"},{\"@type\":\"Organization\",\"@id\":\"https:\/\/demo.perimeter-solutions.com\/es\/#organization\",\"name\":\"Perimeter Solutions\",\"url\":\"https:\/\/demo.perimeter-solutions.com\/es\/\",\"logo\":{\"@type\":\"ImageObject\",\"inLanguage\":\"es\",\"@id\":\"https:\/\/demo.perimeter-solutions.com\/es\/#\/schema\/logo\/image\/\",\"url\":\"https:\/\/demo.perimeter-solutions.com\/wp-content\/uploads\/2021\/02\/perimeter-logo-RGB.png\",\"contentUrl\":\"https:\/\/demo.perimeter-solutions.com\/wp-content\/uploads\/2021\/02\/perimeter-logo-RGB.png\",\"width\":794,\"height\":138,\"caption\":\"Perimeter Solutions\"},\"image\":{\"@id\":\"https:\/\/demo.perimeter-solutions.com\/es\/#\/schema\/logo\/image\/\"}}]}<\/script>\n<!-- \/ Yoast SEO Premium plugin. -->","yoast_head_json":{"title":"AUXQUIMIA F-334 - PS Demo site","description":"AUXQUIMIA F-334 es una soluci\u00f3n a base de agua de polifosfato de amonio. Se utiliza como retardante del fuego para la protecci\u00f3n de productos s\u00f3lidos. En fuegos de clase A, AUXQUIMIA F-334 logra una r\u00e1pida ca\u00edda modificando el proceso de combusti\u00f3n del material y evitando la reignici\u00f3n.","robots":{"index":"noindex","follow":"follow","max-snippet":"max-snippet:-1","max-image-preview":"max-image-preview:large","max-video-preview":"max-video-preview:-1"},"og_locale":"es_ES","og_type":"article","og_title":"AUXQUIMIA F-334","og_description":"AUXQUIMIA F-334 es una soluci\u00f3n a base de agua de polifosfato de amonio. Se utiliza como retardante del fuego para la protecci\u00f3n de productos s\u00f3lidos. En fuegos de clase A, AUXQUIMIA F-334 logra una r\u00e1pida ca\u00edda modificando el proceso de combusti\u00f3n del material y evitando la reignici\u00f3n.","og_url":"https:\/\/demo.perimeter-solutions.com\/es\/product\/auxquimia-f-334\/","og_site_name":"PS Demo site","article_modified_time":"2024-08-14T22:44:51+00:00","og_image":[{"width":1275,"height":1650,"url":"https:\/\/demo.perimeter-solutions.com\/wp-content\/uploads\/2024\/06\/AUXQUIMIA-F-334_Page_1.jpg","type":"image\/jpeg"}],"twitter_card":"summary_large_image","twitter_misc":{"Tiempo de lectura":"1 minuto"},"schema":{"@context":"https:\/\/schema.org","@graph":[{"@type":"WebPage","@id":"https:\/\/demo.perimeter-solutions.com\/es\/product\/auxquimia-f-334\/","url":"https:\/\/demo.perimeter-solutions.com\/es\/product\/auxquimia-f-334\/","name":"AUXQUIMIA F-334 - PS Demo site","isPartOf":{"@id":"https:\/\/demo.perimeter-solutions.com\/es\/#website"},"primaryImageOfPage":{"@id":"https:\/\/demo.perimeter-solutions.com\/es\/product\/auxquimia-f-334\/#primaryimage"},"image":{"@id":"https:\/\/demo.perimeter-solutions.com\/es\/product\/auxquimia-f-334\/#primaryimage"},"thumbnailUrl":"https:\/\/demo.perimeter-solutions.com\/wp-content\/uploads\/2024\/06\/AUXQUIMIA-F-334_Page_1.jpg","datePublished":"2024-06-27T15:59:32+00:00","dateModified":"2024-08-14T22:44:51+00:00","description":"AUXQUIMIA F-334 es una soluci\u00f3n a base de agua de polifosfato de amonio. Se utiliza como retardante del fuego para la protecci\u00f3n de productos s\u00f3lidos. En fuegos de clase A, AUXQUIMIA F-334 logra una r\u00e1pida ca\u00edda modificando el proceso de combusti\u00f3n del material y evitando la reignici\u00f3n.","breadcrumb":{"@id":"https:\/\/demo.perimeter-solutions.com\/es\/product\/auxquimia-f-334\/#breadcrumb"},"inLanguage":"es","potentialAction":[{"@type":"ReadAction","target":["https:\/\/demo.perimeter-solutions.com\/es\/product\/auxquimia-f-334\/"]}]},{"@type":"ImageObject","inLanguage":"es","@id":"https:\/\/demo.perimeter-solutions.com\/es\/product\/auxquimia-f-334\/#primaryimage","url":"https:\/\/demo.perimeter-solutions.com\/wp-content\/uploads\/2024\/06\/AUXQUIMIA-F-334_Page_1.jpg","contentUrl":"https:\/\/demo.perimeter-solutions.com\/wp-content\/uploads\/2024\/06\/AUXQUIMIA-F-334_Page_1.jpg","width":1275,"height":1650},{"@type":"BreadcrumbList","@id":"https:\/\/demo.perimeter-solutions.com\/es\/product\/auxquimia-f-334\/#breadcrumb","itemListElement":[{"@type":"ListItem","position":1,"name":"Cat\u00e1logo de productos","item":"https:\/\/demo.perimeter-solutions.com\/es\/product-catalog\/"},{"@type":"ListItem","position":2,"name":"AUXQUIMIA F-334"}]},{"@type":"WebSite","@id":"https:\/\/demo.perimeter-solutions.com\/es\/#website","url":"https:\/\/demo.perimeter-solutions.com\/es\/","name":"PS Demo site","description":"","publisher":{"@id":"https:\/\/demo.perimeter-solutions.com\/es\/#organization"},"potentialAction":[{"@type":"SearchAction","target":{"@type":"EntryPoint","urlTemplate":"https:\/\/demo.perimeter-solutions.com\/es\/?s={search_term_string}"},"query-input":{"@type":"PropertyValueSpecification","valueRequired":true,"valueName":"search_term_string"}}],"inLanguage":"es"},{"@type":"Organization","@id":"https:\/\/demo.perimeter-solutions.com\/es\/#organization","name":"Perimeter Solutions","url":"https:\/\/demo.perimeter-solutions.com\/es\/","logo":{"@type":"ImageObject","inLanguage":"es","@id":"https:\/\/demo.perimeter-solutions.com\/es\/#\/schema\/logo\/image\/","url":"https:\/\/demo.perimeter-solutions.com\/wp-content\/uploads\/2021\/02\/perimeter-logo-RGB.png","contentUrl":"https:\/\/demo.perimeter-solutions.com\/wp-content\/uploads\/2021\/02\/perimeter-logo-RGB.png","width":794,"height":138,"caption":"Perimeter Solutions"},"image":{"@id":"https:\/\/demo.perimeter-solutions.com\/es\/#\/schema\/logo\/image\/"}}]}},"_links":{"self":[{"href":"https:\/\/demo.perimeter-solutions.com\/es\/wp-json\/wp\/v2\/product\/42478","targetHints":{"allow":["GET"]}}],"collection":[{"href":"https:\/\/demo.perimeter-solutions.com\/es\/wp-json\/wp\/v2\/product"}],"about":[{"href":"https:\/\/demo.perimeter-solutions.com\/es\/wp-json\/wp\/v2\/types\/product"}],"wp:featuredmedia":[{"embeddable":true,"href":"https:\/\/demo.perimeter-solutions.com\/es\/wp-json\/wp\/v2\/media\/42480"}],"wp:attachment":[{"href":"https:\/\/demo.perimeter-solutions.com\/es\/wp-json\/wp\/v2\/media?parent=42478"}],"wp:term":[{"taxonomy":"product_cat","embeddable":true,"href":"https:\/\/demo.perimeter-solutions.com\/es\/wp-json\/wp\/v2\/product_cat?post=42478"},{"taxonomy":"product_tag","embeddable":true,"href":"https:\/\/demo.perimeter-solutions.com\/es\/wp-json\/wp\/v2\/product_tag?post=42478"}],"curies":[{"name":"wp","href":"https:\/\/api.w.org\/{rel}","templated":true}]}}