{"id":42487,"date":"2024-06-27T13:08:55","date_gmt":"2024-06-27T17:08:55","guid":{"rendered":"https:\/\/demo.perimeter-solutions.com\/product\/phos-chek-solid\/"},"modified":"2024-08-14T19:07:44","modified_gmt":"2024-08-14T23:07:44","slug":"phos-chek-solid","status":"publish","type":"product","link":"https:\/\/demo.perimeter-solutions.com\/es\/product\/phos-chek-solid\/","title":{"rendered":"PHOS-CHEK SOLID"},"content":{"rendered":"<p><span style=\"color: #000000;\"><strong>PHOS-CHEK<sup>\u00ae <\/sup>SOLID<\/strong> las barras de espuma Clase A producen espuma Clase A r\u00e1pida y confiable, sin la necesidad de equipos costosos. Los bomberos ahora pueden tener una manera r\u00e1pida y f\u00e1cil de producir una espuma de baja expansi\u00f3n, sin un dosificador de espuma. Las barras de PHOS-CHEK SOLID producen una soluci\u00f3n que reduce la tensi\u00f3n superficial del agua haci\u00e9ndola m\u00e1s efectiva en la supresi\u00f3n de incendios en combustibles de Clase A (madera, vegetaci\u00f3n, papel y productos de algod\u00f3n y caucho).<\/span><\/p>\n<p><span style=\"color: #000000;\">La barra de espuma PHOS-CHEK SOLID Clase A tiene 1,1875 \u2033 de di\u00e1metro por 12,0 \u2033 (305 mm) de largo y se puede utilizar con muchos aplicadores diferentes que se han desarrollado para este producto. Un ejemplo es el sistema de espuma SCOTTY FOAM-FAST \u2122. A medida que el agua pasa de la bomba a trav\u00e9s del aplicador, la barra se disolver\u00e1 en el flujo de agua proporcionando una soluci\u00f3n de espuma de baja expansi\u00f3n r\u00e1pida y f\u00e1cil con una excelente capacidad de humectaci\u00f3n.<\/span><\/p>\n<p><span style=\"color: #000000;\">Ahora, cualquier bombero puede tener la ventaja de la espuma de clase A. Este nuevo producto de espuma PHOS-CHEK Clase A proporciona al usuario un m\u00e9todo simple pero eficaz para producir una soluci\u00f3n de espuma Clase A que se esparcir\u00e1 y penetrar\u00e1 en los combustibles porosos. Una sola barra proporcionar\u00e1 espuma durante 20-30 minutos, seg\u00fan el flujo. Cuando se agote, simplemente coloque uno nuevo y estar\u00e1 listo para comenzar.<\/span><\/p>\n<p><span style=\"color: #000000;\"><strong>Consulta a tu experto en reglamentaci\u00f3n para conocer las restricciones y normativas aplicables en tu estado o localidad en relaci\u00f3n con la venta y distribuci\u00f3n de concentrados de espuma de la Clase A.<\/strong><\/span><\/p>\n<h4>Opciones disponibles<\/h4>\n","protected":false},"excerpt":{"rendered":"<p>PHOS-CHEK\u00ae SOLID las barras de espuma Clase A producen espuma Clase A r\u00e1pida y confiable, sin la necesidad de equipos costosos. Los bomberos ahora pueden tener una manera r\u00e1pida y [&hellip;]<\/p>\n","protected":false},"featured_media":42489,"template":"","meta":{"_acf_changed":false},"product_cat":[185],"product_tag":[252,240,258],"class_list":{"0":"post-42487","1":"product","2":"type-product","3":"status-publish","4":"has-post-thumbnail","6":"product_cat-class-a-es","7":"product_tag-municipal-es","8":"product_tag-phos-chek-es","9":"product_tag-tierra-forestale","11":"first","12":"instock","13":"shipping-taxable","14":"purchasable","15":"product-type-simple"},"acf":[],"yoast_head":"<!-- This site is optimized with the Yoast SEO Premium plugin v21.9 (Yoast SEO v23.5) - https:\/\/yoast.com\/wordpress\/plugins\/seo\/ -->\n<title>PHOS-CHEK SOLID - PS Demo site<\/title>\n<meta name=\"description\" content=\"PHOS-CHEK \u00ae SOLID las barras de espuma Clase A producen espuma Clase A r\u00e1pida y confiable, sin la necesidad de equipos costosos. Los bomberos ahora pueden tener una manera r\u00e1pida y f\u00e1cil de producir una espuma de baja expansi\u00f3n, sin un dosificador de espuma.\" \/>\n<meta name=\"robots\" content=\"noindex, follow, max-snippet:-1, max-image-preview:large, max-video-preview:-1\" \/>\n<meta property=\"og:locale\" content=\"es_ES\" \/>\n<meta property=\"og:type\" content=\"article\" \/>\n<meta property=\"og:title\" content=\"PHOS-CHEK SOLID\" \/>\n<meta property=\"og:description\" content=\"PHOS-CHEK \u00ae SOLID las barras de espuma Clase A producen espuma Clase A r\u00e1pida y confiable, sin la necesidad de equipos costosos. Los bomberos ahora pueden tener una manera r\u00e1pida y f\u00e1cil de producir una espuma de baja expansi\u00f3n, sin un dosificador de espuma.\" \/>\n<meta property=\"og:url\" content=\"https:\/\/demo.perimeter-solutions.com\/es\/product\/phos-chek-solid\/\" \/>\n<meta property=\"og:site_name\" content=\"PS Demo site\" \/>\n<meta property=\"article:modified_time\" content=\"2024-08-14T23:07:44+00:00\" \/>\n<meta name=\"twitter:card\" content=\"summary_large_image\" \/>\n<meta name=\"twitter:label1\" content=\"Tiempo de lectura\" \/>\n\t<meta name=\"twitter:data1\" content=\"2 minutos\" \/>\n<script type=\"application\/ld+json\" class=\"yoast-schema-graph\">{\"@context\":\"https:\/\/schema.org\",\"@graph\":[{\"@type\":\"WebPage\",\"@id\":\"https:\/\/demo.perimeter-solutions.com\/es\/product\/phos-chek-solid\/\",\"url\":\"https:\/\/demo.perimeter-solutions.com\/es\/product\/phos-chek-solid\/\",\"name\":\"PHOS-CHEK SOLID - PS Demo site\",\"isPartOf\":{\"@id\":\"https:\/\/demo.perimeter-solutions.com\/es\/#website\"},\"primaryImageOfPage\":{\"@id\":\"https:\/\/demo.perimeter-solutions.com\/es\/product\/phos-chek-solid\/#primaryimage\"},\"image\":{\"@id\":\"https:\/\/demo.perimeter-solutions.com\/es\/product\/phos-chek-solid\/#primaryimage\"},\"thumbnailUrl\":\"https:\/\/demo.perimeter-solutions.com\/wp-content\/uploads\/2024\/06\/PC-SOLID-Class-A-Datasheet_PCC-2019017-2-pdf.jpg\",\"datePublished\":\"2024-06-27T17:08:55+00:00\",\"dateModified\":\"2024-08-14T23:07:44+00:00\",\"description\":\"PHOS-CHEK \u00ae SOLID las barras de espuma Clase A producen espuma Clase A r\u00e1pida y confiable, sin la necesidad de equipos costosos. Los bomberos ahora pueden tener una manera r\u00e1pida y f\u00e1cil de producir una espuma de baja expansi\u00f3n, sin un dosificador de espuma.\",\"breadcrumb\":{\"@id\":\"https:\/\/demo.perimeter-solutions.com\/es\/product\/phos-chek-solid\/#breadcrumb\"},\"inLanguage\":\"es\",\"potentialAction\":[{\"@type\":\"ReadAction\",\"target\":[\"https:\/\/demo.perimeter-solutions.com\/es\/product\/phos-chek-solid\/\"]}]},{\"@type\":\"ImageObject\",\"inLanguage\":\"es\",\"@id\":\"https:\/\/demo.perimeter-solutions.com\/es\/product\/phos-chek-solid\/#primaryimage\",\"url\":\"https:\/\/demo.perimeter-solutions.com\/wp-content\/uploads\/2024\/06\/PC-SOLID-Class-A-Datasheet_PCC-2019017-2-pdf.jpg\",\"contentUrl\":\"https:\/\/demo.perimeter-solutions.com\/wp-content\/uploads\/2024\/06\/PC-SOLID-Class-A-Datasheet_PCC-2019017-2-pdf.jpg\"},{\"@type\":\"BreadcrumbList\",\"@id\":\"https:\/\/demo.perimeter-solutions.com\/es\/product\/phos-chek-solid\/#breadcrumb\",\"itemListElement\":[{\"@type\":\"ListItem\",\"position\":1,\"name\":\"Cat\u00e1logo de productos\",\"item\":\"https:\/\/demo.perimeter-solutions.com\/es\/product-catalog\/\"},{\"@type\":\"ListItem\",\"position\":2,\"name\":\"PHOS-CHEK SOLID\"}]},{\"@type\":\"WebSite\",\"@id\":\"https:\/\/demo.perimeter-solutions.com\/es\/#website\",\"url\":\"https:\/\/demo.perimeter-solutions.com\/es\/\",\"name\":\"PS Demo site\",\"description\":\"\",\"publisher\":{\"@id\":\"https:\/\/demo.perimeter-solutions.com\/es\/#organization\"},\"potentialAction\":[{\"@type\":\"SearchAction\",\"target\":{\"@type\":\"EntryPoint\",\"urlTemplate\":\"https:\/\/demo.perimeter-solutions.com\/es\/?s={search_term_string}\"},\"query-input\":{\"@type\":\"PropertyValueSpecification\",\"valueRequired\":true,\"valueName\":\"search_term_string\"}}],\"inLanguage\":\"es\"},{\"@type\":\"Organization\",\"@id\":\"https:\/\/demo.perimeter-solutions.com\/es\/#organization\",\"name\":\"Perimeter Solutions\",\"url\":\"https:\/\/demo.perimeter-solutions.com\/es\/\",\"logo\":{\"@type\":\"ImageObject\",\"inLanguage\":\"es\",\"@id\":\"https:\/\/demo.perimeter-solutions.com\/es\/#\/schema\/logo\/image\/\",\"url\":\"https:\/\/demo.perimeter-solutions.com\/wp-content\/uploads\/2021\/02\/perimeter-logo-RGB.png\",\"contentUrl\":\"https:\/\/demo.perimeter-solutions.com\/wp-content\/uploads\/2021\/02\/perimeter-logo-RGB.png\",\"width\":794,\"height\":138,\"caption\":\"Perimeter Solutions\"},\"image\":{\"@id\":\"https:\/\/demo.perimeter-solutions.com\/es\/#\/schema\/logo\/image\/\"}}]}<\/script>\n<!-- \/ Yoast SEO Premium plugin. -->","yoast_head_json":{"title":"PHOS-CHEK SOLID - PS Demo site","description":"PHOS-CHEK \u00ae SOLID las barras de espuma Clase A producen espuma Clase A r\u00e1pida y confiable, sin la necesidad de equipos costosos. Los bomberos ahora pueden tener una manera r\u00e1pida y f\u00e1cil de producir una espuma de baja expansi\u00f3n, sin un dosificador de espuma.","robots":{"index":"noindex","follow":"follow","max-snippet":"max-snippet:-1","max-image-preview":"max-image-preview:large","max-video-preview":"max-video-preview:-1"},"og_locale":"es_ES","og_type":"article","og_title":"PHOS-CHEK SOLID","og_description":"PHOS-CHEK \u00ae SOLID las barras de espuma Clase A producen espuma Clase A r\u00e1pida y confiable, sin la necesidad de equipos costosos. Los bomberos ahora pueden tener una manera r\u00e1pida y f\u00e1cil de producir una espuma de baja expansi\u00f3n, sin un dosificador de espuma.","og_url":"https:\/\/demo.perimeter-solutions.com\/es\/product\/phos-chek-solid\/","og_site_name":"PS Demo site","article_modified_time":"2024-08-14T23:07:44+00:00","twitter_card":"summary_large_image","twitter_misc":{"Tiempo de lectura":"2 minutos"},"schema":{"@context":"https:\/\/schema.org","@graph":[{"@type":"WebPage","@id":"https:\/\/demo.perimeter-solutions.com\/es\/product\/phos-chek-solid\/","url":"https:\/\/demo.perimeter-solutions.com\/es\/product\/phos-chek-solid\/","name":"PHOS-CHEK SOLID - PS Demo site","isPartOf":{"@id":"https:\/\/demo.perimeter-solutions.com\/es\/#website"},"primaryImageOfPage":{"@id":"https:\/\/demo.perimeter-solutions.com\/es\/product\/phos-chek-solid\/#primaryimage"},"image":{"@id":"https:\/\/demo.perimeter-solutions.com\/es\/product\/phos-chek-solid\/#primaryimage"},"thumbnailUrl":"https:\/\/demo.perimeter-solutions.com\/wp-content\/uploads\/2024\/06\/PC-SOLID-Class-A-Datasheet_PCC-2019017-2-pdf.jpg","datePublished":"2024-06-27T17:08:55+00:00","dateModified":"2024-08-14T23:07:44+00:00","description":"PHOS-CHEK \u00ae SOLID las barras de espuma Clase A producen espuma Clase A r\u00e1pida y confiable, sin la necesidad de equipos costosos. Los bomberos ahora pueden tener una manera r\u00e1pida y f\u00e1cil de producir una espuma de baja expansi\u00f3n, sin un dosificador de espuma.","breadcrumb":{"@id":"https:\/\/demo.perimeter-solutions.com\/es\/product\/phos-chek-solid\/#breadcrumb"},"inLanguage":"es","potentialAction":[{"@type":"ReadAction","target":["https:\/\/demo.perimeter-solutions.com\/es\/product\/phos-chek-solid\/"]}]},{"@type":"ImageObject","inLanguage":"es","@id":"https:\/\/demo.perimeter-solutions.com\/es\/product\/phos-chek-solid\/#primaryimage","url":"https:\/\/demo.perimeter-solutions.com\/wp-content\/uploads\/2024\/06\/PC-SOLID-Class-A-Datasheet_PCC-2019017-2-pdf.jpg","contentUrl":"https:\/\/demo.perimeter-solutions.com\/wp-content\/uploads\/2024\/06\/PC-SOLID-Class-A-Datasheet_PCC-2019017-2-pdf.jpg"},{"@type":"BreadcrumbList","@id":"https:\/\/demo.perimeter-solutions.com\/es\/product\/phos-chek-solid\/#breadcrumb","itemListElement":[{"@type":"ListItem","position":1,"name":"Cat\u00e1logo de productos","item":"https:\/\/demo.perimeter-solutions.com\/es\/product-catalog\/"},{"@type":"ListItem","position":2,"name":"PHOS-CHEK SOLID"}]},{"@type":"WebSite","@id":"https:\/\/demo.perimeter-solutions.com\/es\/#website","url":"https:\/\/demo.perimeter-solutions.com\/es\/","name":"PS Demo site","description":"","publisher":{"@id":"https:\/\/demo.perimeter-solutions.com\/es\/#organization"},"potentialAction":[{"@type":"SearchAction","target":{"@type":"EntryPoint","urlTemplate":"https:\/\/demo.perimeter-solutions.com\/es\/?s={search_term_string}"},"query-input":{"@type":"PropertyValueSpecification","valueRequired":true,"valueName":"search_term_string"}}],"inLanguage":"es"},{"@type":"Organization","@id":"https:\/\/demo.perimeter-solutions.com\/es\/#organization","name":"Perimeter Solutions","url":"https:\/\/demo.perimeter-solutions.com\/es\/","logo":{"@type":"ImageObject","inLanguage":"es","@id":"https:\/\/demo.perimeter-solutions.com\/es\/#\/schema\/logo\/image\/","url":"https:\/\/demo.perimeter-solutions.com\/wp-content\/uploads\/2021\/02\/perimeter-logo-RGB.png","contentUrl":"https:\/\/demo.perimeter-solutions.com\/wp-content\/uploads\/2021\/02\/perimeter-logo-RGB.png","width":794,"height":138,"caption":"Perimeter Solutions"},"image":{"@id":"https:\/\/demo.perimeter-solutions.com\/es\/#\/schema\/logo\/image\/"}}]}},"_links":{"self":[{"href":"https:\/\/demo.perimeter-solutions.com\/es\/wp-json\/wp\/v2\/product\/42487","targetHints":{"allow":["GET"]}}],"collection":[{"href":"https:\/\/demo.perimeter-solutions.com\/es\/wp-json\/wp\/v2\/product"}],"about":[{"href":"https:\/\/demo.perimeter-solutions.com\/es\/wp-json\/wp\/v2\/types\/product"}],"wp:featuredmedia":[{"embeddable":true,"href":"https:\/\/demo.perimeter-solutions.com\/es\/wp-json\/wp\/v2\/media\/42489"}],"wp:attachment":[{"href":"https:\/\/demo.perimeter-solutions.com\/es\/wp-json\/wp\/v2\/media?parent=42487"}],"wp:term":[{"taxonomy":"product_cat","embeddable":true,"href":"https:\/\/demo.perimeter-solutions.com\/es\/wp-json\/wp\/v2\/product_cat?post=42487"},{"taxonomy":"product_tag","embeddable":true,"href":"https:\/\/demo.perimeter-solutions.com\/es\/wp-json\/wp\/v2\/product_tag?post=42487"}],"curies":[{"name":"wp","href":"https:\/\/api.w.org\/{rel}","templated":true}]}}