{"id":42490,"date":"2024-06-27T12:55:52","date_gmt":"2024-06-27T16:55:52","guid":{"rendered":"https:\/\/demo.perimeter-solutions.com\/product\/auxquimia-rfc-105\/"},"modified":"2024-08-14T19:11:08","modified_gmt":"2024-08-14T23:11:08","slug":"auxquimia-rfc-105","status":"publish","type":"product","link":"https:\/\/demo.perimeter-solutions.com\/es\/product\/auxquimia-rfc-105\/","title":{"rendered":"AUXQUIMIA RFC-105"},"content":{"rendered":"<p><span style=\"color: #000000;\"><strong>AUXQUIMIA RFC-105<\/strong> es un producto altamente biodegradable. concentrado de espuma sint\u00e9tico de baja viscosidad con buenas propiedades humectantes; especialmente formulado para la obtenci\u00f3n de espumas para la extinci\u00f3n de incendios Clase A (forestales, urbanos, estructurales, etc.) que tambi\u00e9n se pueden utilizar eficazmente en el combate de incendios Clase B (hidrocarburos). AUXQUIMIA RFC-105 el concentrado se disuelve muy r\u00e1pidamente en agua, con poca o ninguna agitaci\u00f3n requerida.<\/span><\/p>\n<p><span style=\"color: #000000;\">Se puede utilizar con equipos de espuma de baja, media y alta expansi\u00f3n, con equipos sin aspiraci\u00f3n (boquillas de aspersi\u00f3n de agua, aspersores, etc.) y CAFS (sistemas de aire comprimido) Cuando se usa en incendios de Clase A, AUXQUIMIA RFC-105 se adhiere bien a el material y el fluido drenados de la espuma, con buenas propiedades humectantes. Tambi\u00e9n penetra en el sustrato evitando un posible reencendido.<\/span><\/p>\n<p><span style=\"color: #000000;\">Cuando se usa para combatir incendios de clase B, AUXQUIMIA RFC-105 se puede aplicar con boquillas de expansi\u00f3n baja y media. En aplicaciones de baja expansi\u00f3n, se recomienda utilizar una aplicaci\u00f3n suave. Es particularmente interesante el uso de RFC-105 con sistemas de espuma de aire comprimido (CAFS) en fuegos de clase A y clase B, donde su alta eficiencia reduce el consumo de agua.<\/span><\/p>\n<p><span style=\"color: #000000;\">La tasa de dosificaci\u00f3n nominal RFC-105 es del 0,5% en agua dulce o de mar. Esta tasa se puede variar entre 0,2 y 1,0%, dependiendo del tipo de espuma deseada. Se recomiendan altas concentraciones (1%) para espumas de alta expansi\u00f3n y cuando se desean tiempos de drenaje lentos.<\/span><\/p>\n<p><span style=\"color: #000000;\"><strong>Consulta a tu experto en reglamentaci\u00f3n para conocer las restricciones y normativas aplicables en tu estado o localidad en relaci\u00f3n con la venta y distribuci\u00f3n de concentrados de espuma de la Clase A.<\/strong><\/span><\/p>\n<h4>Opciones disponibles<\/h4>\n","protected":false},"excerpt":{"rendered":"<h4 class=\"elementor-heading-title elementor-size-default\">Concentrado de espuma sint\u00e9tica multiexpansi\u00f3n clase A (0,2 %-1% )<\/h4>\n","protected":false},"featured_media":42493,"template":"","meta":{"_acf_changed":false},"product_cat":[185,195],"product_tag":[214,222,252,258],"class_list":{"0":"post-42490","1":"product","2":"type-product","3":"status-publish","4":"has-post-thumbnail","6":"product_cat-class-a-es","7":"product_cat-class-a-b-foam-concentrate-es","8":"product_tag-auxquimia-es","9":"product_tag-en-1568-es","10":"product_tag-municipal-es","11":"product_tag-tierra-forestale","13":"first","14":"instock","15":"shipping-taxable","16":"purchasable","17":"product-type-simple"},"acf":[],"yoast_head":"<!-- This site is optimized with the Yoast SEO Premium plugin v21.9 (Yoast SEO v23.5) - https:\/\/yoast.com\/wordpress\/plugins\/seo\/ -->\n<title>AUXQUIMIA RFC-105 - PS Demo site<\/title>\n<meta name=\"description\" content=\"AUXQUIMIA RFC-105 es un producto altamente biodegradable. concentrado de espuma sint\u00e9tico de baja viscosidad con buenas propiedades humectantes; especialmente formulado para la obtenci\u00f3n de espumas para la extinci\u00f3n de incendios Clase A (forestales, urbanos, estructurales, etc.) que tambi\u00e9n se pueden utilizar eficazmente en el combate de incendios Clase B (hidrocarburos).\" \/>\n<meta name=\"robots\" content=\"noindex, follow, max-snippet:-1, max-image-preview:large, max-video-preview:-1\" \/>\n<meta property=\"og:locale\" content=\"es_ES\" \/>\n<meta property=\"og:type\" content=\"article\" \/>\n<meta property=\"og:title\" content=\"AUXQUIMIA RFC-105\" \/>\n<meta property=\"og:description\" content=\"AUXQUIMIA RFC-105 es un producto altamente biodegradable. concentrado de espuma sint\u00e9tico de baja viscosidad con buenas propiedades humectantes; especialmente formulado para la obtenci\u00f3n de espumas para la extinci\u00f3n de incendios Clase A (forestales, urbanos, estructurales, etc.) que tambi\u00e9n se pueden utilizar eficazmente en el combate de incendios Clase B (hidrocarburos).\" \/>\n<meta property=\"og:url\" content=\"https:\/\/demo.perimeter-solutions.com\/es\/product\/auxquimia-rfc-105\/\" \/>\n<meta property=\"og:site_name\" content=\"PS Demo site\" \/>\n<meta property=\"article:modified_time\" content=\"2024-08-14T23:11:08+00:00\" \/>\n<meta property=\"og:image\" content=\"https:\/\/demo.perimeter-solutions.com\/wp-content\/uploads\/2024\/06\/AUXQUIMIA-RFC-105_Page_1.jpg\" \/>\n\t<meta property=\"og:image:width\" content=\"1445\" \/>\n\t<meta property=\"og:image:height\" content=\"1870\" \/>\n\t<meta property=\"og:image:type\" content=\"image\/jpeg\" \/>\n<meta name=\"twitter:card\" content=\"summary_large_image\" \/>\n<meta name=\"twitter:label1\" content=\"Tiempo de lectura\" \/>\n\t<meta name=\"twitter:data1\" content=\"2 minutos\" \/>\n<script type=\"application\/ld+json\" class=\"yoast-schema-graph\">{\"@context\":\"https:\/\/schema.org\",\"@graph\":[{\"@type\":\"WebPage\",\"@id\":\"https:\/\/demo.perimeter-solutions.com\/es\/product\/auxquimia-rfc-105\/\",\"url\":\"https:\/\/demo.perimeter-solutions.com\/es\/product\/auxquimia-rfc-105\/\",\"name\":\"AUXQUIMIA RFC-105 - PS Demo site\",\"isPartOf\":{\"@id\":\"https:\/\/demo.perimeter-solutions.com\/es\/#website\"},\"primaryImageOfPage\":{\"@id\":\"https:\/\/demo.perimeter-solutions.com\/es\/product\/auxquimia-rfc-105\/#primaryimage\"},\"image\":{\"@id\":\"https:\/\/demo.perimeter-solutions.com\/es\/product\/auxquimia-rfc-105\/#primaryimage\"},\"thumbnailUrl\":\"https:\/\/demo.perimeter-solutions.com\/wp-content\/uploads\/2024\/06\/AUXQUIMIA-RFC-105_Page_1.jpg\",\"datePublished\":\"2024-06-27T16:55:52+00:00\",\"dateModified\":\"2024-08-14T23:11:08+00:00\",\"description\":\"AUXQUIMIA RFC-105 es un producto altamente biodegradable. concentrado de espuma sint\u00e9tico de baja viscosidad con buenas propiedades humectantes; especialmente formulado para la obtenci\u00f3n de espumas para la extinci\u00f3n de incendios Clase A (forestales, urbanos, estructurales, etc.) que tambi\u00e9n se pueden utilizar eficazmente en el combate de incendios Clase B (hidrocarburos).\",\"breadcrumb\":{\"@id\":\"https:\/\/demo.perimeter-solutions.com\/es\/product\/auxquimia-rfc-105\/#breadcrumb\"},\"inLanguage\":\"es\",\"potentialAction\":[{\"@type\":\"ReadAction\",\"target\":[\"https:\/\/demo.perimeter-solutions.com\/es\/product\/auxquimia-rfc-105\/\"]}]},{\"@type\":\"ImageObject\",\"inLanguage\":\"es\",\"@id\":\"https:\/\/demo.perimeter-solutions.com\/es\/product\/auxquimia-rfc-105\/#primaryimage\",\"url\":\"https:\/\/demo.perimeter-solutions.com\/wp-content\/uploads\/2024\/06\/AUXQUIMIA-RFC-105_Page_1.jpg\",\"contentUrl\":\"https:\/\/demo.perimeter-solutions.com\/wp-content\/uploads\/2024\/06\/AUXQUIMIA-RFC-105_Page_1.jpg\",\"width\":1445,\"height\":1870},{\"@type\":\"BreadcrumbList\",\"@id\":\"https:\/\/demo.perimeter-solutions.com\/es\/product\/auxquimia-rfc-105\/#breadcrumb\",\"itemListElement\":[{\"@type\":\"ListItem\",\"position\":1,\"name\":\"Cat\u00e1logo de productos\",\"item\":\"https:\/\/demo.perimeter-solutions.com\/es\/product-catalog\/\"},{\"@type\":\"ListItem\",\"position\":2,\"name\":\"AUXQUIMIA RFC-105\"}]},{\"@type\":\"WebSite\",\"@id\":\"https:\/\/demo.perimeter-solutions.com\/es\/#website\",\"url\":\"https:\/\/demo.perimeter-solutions.com\/es\/\",\"name\":\"PS Demo site\",\"description\":\"\",\"publisher\":{\"@id\":\"https:\/\/demo.perimeter-solutions.com\/es\/#organization\"},\"potentialAction\":[{\"@type\":\"SearchAction\",\"target\":{\"@type\":\"EntryPoint\",\"urlTemplate\":\"https:\/\/demo.perimeter-solutions.com\/es\/?s={search_term_string}\"},\"query-input\":{\"@type\":\"PropertyValueSpecification\",\"valueRequired\":true,\"valueName\":\"search_term_string\"}}],\"inLanguage\":\"es\"},{\"@type\":\"Organization\",\"@id\":\"https:\/\/demo.perimeter-solutions.com\/es\/#organization\",\"name\":\"Perimeter Solutions\",\"url\":\"https:\/\/demo.perimeter-solutions.com\/es\/\",\"logo\":{\"@type\":\"ImageObject\",\"inLanguage\":\"es\",\"@id\":\"https:\/\/demo.perimeter-solutions.com\/es\/#\/schema\/logo\/image\/\",\"url\":\"https:\/\/demo.perimeter-solutions.com\/wp-content\/uploads\/2021\/02\/perimeter-logo-RGB.png\",\"contentUrl\":\"https:\/\/demo.perimeter-solutions.com\/wp-content\/uploads\/2021\/02\/perimeter-logo-RGB.png\",\"width\":794,\"height\":138,\"caption\":\"Perimeter Solutions\"},\"image\":{\"@id\":\"https:\/\/demo.perimeter-solutions.com\/es\/#\/schema\/logo\/image\/\"}}]}<\/script>\n<!-- \/ Yoast SEO Premium plugin. -->","yoast_head_json":{"title":"AUXQUIMIA RFC-105 - PS Demo site","description":"AUXQUIMIA RFC-105 es un producto altamente biodegradable. concentrado de espuma sint\u00e9tico de baja viscosidad con buenas propiedades humectantes; especialmente formulado para la obtenci\u00f3n de espumas para la extinci\u00f3n de incendios Clase A (forestales, urbanos, estructurales, etc.) que tambi\u00e9n se pueden utilizar eficazmente en el combate de incendios Clase B (hidrocarburos).","robots":{"index":"noindex","follow":"follow","max-snippet":"max-snippet:-1","max-image-preview":"max-image-preview:large","max-video-preview":"max-video-preview:-1"},"og_locale":"es_ES","og_type":"article","og_title":"AUXQUIMIA RFC-105","og_description":"AUXQUIMIA RFC-105 es un producto altamente biodegradable. concentrado de espuma sint\u00e9tico de baja viscosidad con buenas propiedades humectantes; especialmente formulado para la obtenci\u00f3n de espumas para la extinci\u00f3n de incendios Clase A (forestales, urbanos, estructurales, etc.) que tambi\u00e9n se pueden utilizar eficazmente en el combate de incendios Clase B (hidrocarburos).","og_url":"https:\/\/demo.perimeter-solutions.com\/es\/product\/auxquimia-rfc-105\/","og_site_name":"PS Demo site","article_modified_time":"2024-08-14T23:11:08+00:00","og_image":[{"width":1445,"height":1870,"url":"https:\/\/demo.perimeter-solutions.com\/wp-content\/uploads\/2024\/06\/AUXQUIMIA-RFC-105_Page_1.jpg","type":"image\/jpeg"}],"twitter_card":"summary_large_image","twitter_misc":{"Tiempo de lectura":"2 minutos"},"schema":{"@context":"https:\/\/schema.org","@graph":[{"@type":"WebPage","@id":"https:\/\/demo.perimeter-solutions.com\/es\/product\/auxquimia-rfc-105\/","url":"https:\/\/demo.perimeter-solutions.com\/es\/product\/auxquimia-rfc-105\/","name":"AUXQUIMIA RFC-105 - PS Demo site","isPartOf":{"@id":"https:\/\/demo.perimeter-solutions.com\/es\/#website"},"primaryImageOfPage":{"@id":"https:\/\/demo.perimeter-solutions.com\/es\/product\/auxquimia-rfc-105\/#primaryimage"},"image":{"@id":"https:\/\/demo.perimeter-solutions.com\/es\/product\/auxquimia-rfc-105\/#primaryimage"},"thumbnailUrl":"https:\/\/demo.perimeter-solutions.com\/wp-content\/uploads\/2024\/06\/AUXQUIMIA-RFC-105_Page_1.jpg","datePublished":"2024-06-27T16:55:52+00:00","dateModified":"2024-08-14T23:11:08+00:00","description":"AUXQUIMIA RFC-105 es un producto altamente biodegradable. concentrado de espuma sint\u00e9tico de baja viscosidad con buenas propiedades humectantes; especialmente formulado para la obtenci\u00f3n de espumas para la extinci\u00f3n de incendios Clase A (forestales, urbanos, estructurales, etc.) que tambi\u00e9n se pueden utilizar eficazmente en el combate de incendios Clase B (hidrocarburos).","breadcrumb":{"@id":"https:\/\/demo.perimeter-solutions.com\/es\/product\/auxquimia-rfc-105\/#breadcrumb"},"inLanguage":"es","potentialAction":[{"@type":"ReadAction","target":["https:\/\/demo.perimeter-solutions.com\/es\/product\/auxquimia-rfc-105\/"]}]},{"@type":"ImageObject","inLanguage":"es","@id":"https:\/\/demo.perimeter-solutions.com\/es\/product\/auxquimia-rfc-105\/#primaryimage","url":"https:\/\/demo.perimeter-solutions.com\/wp-content\/uploads\/2024\/06\/AUXQUIMIA-RFC-105_Page_1.jpg","contentUrl":"https:\/\/demo.perimeter-solutions.com\/wp-content\/uploads\/2024\/06\/AUXQUIMIA-RFC-105_Page_1.jpg","width":1445,"height":1870},{"@type":"BreadcrumbList","@id":"https:\/\/demo.perimeter-solutions.com\/es\/product\/auxquimia-rfc-105\/#breadcrumb","itemListElement":[{"@type":"ListItem","position":1,"name":"Cat\u00e1logo de productos","item":"https:\/\/demo.perimeter-solutions.com\/es\/product-catalog\/"},{"@type":"ListItem","position":2,"name":"AUXQUIMIA RFC-105"}]},{"@type":"WebSite","@id":"https:\/\/demo.perimeter-solutions.com\/es\/#website","url":"https:\/\/demo.perimeter-solutions.com\/es\/","name":"PS Demo site","description":"","publisher":{"@id":"https:\/\/demo.perimeter-solutions.com\/es\/#organization"},"potentialAction":[{"@type":"SearchAction","target":{"@type":"EntryPoint","urlTemplate":"https:\/\/demo.perimeter-solutions.com\/es\/?s={search_term_string}"},"query-input":{"@type":"PropertyValueSpecification","valueRequired":true,"valueName":"search_term_string"}}],"inLanguage":"es"},{"@type":"Organization","@id":"https:\/\/demo.perimeter-solutions.com\/es\/#organization","name":"Perimeter Solutions","url":"https:\/\/demo.perimeter-solutions.com\/es\/","logo":{"@type":"ImageObject","inLanguage":"es","@id":"https:\/\/demo.perimeter-solutions.com\/es\/#\/schema\/logo\/image\/","url":"https:\/\/demo.perimeter-solutions.com\/wp-content\/uploads\/2021\/02\/perimeter-logo-RGB.png","contentUrl":"https:\/\/demo.perimeter-solutions.com\/wp-content\/uploads\/2021\/02\/perimeter-logo-RGB.png","width":794,"height":138,"caption":"Perimeter Solutions"},"image":{"@id":"https:\/\/demo.perimeter-solutions.com\/es\/#\/schema\/logo\/image\/"}}]}},"_links":{"self":[{"href":"https:\/\/demo.perimeter-solutions.com\/es\/wp-json\/wp\/v2\/product\/42490","targetHints":{"allow":["GET"]}}],"collection":[{"href":"https:\/\/demo.perimeter-solutions.com\/es\/wp-json\/wp\/v2\/product"}],"about":[{"href":"https:\/\/demo.perimeter-solutions.com\/es\/wp-json\/wp\/v2\/types\/product"}],"wp:featuredmedia":[{"embeddable":true,"href":"https:\/\/demo.perimeter-solutions.com\/es\/wp-json\/wp\/v2\/media\/42493"}],"wp:attachment":[{"href":"https:\/\/demo.perimeter-solutions.com\/es\/wp-json\/wp\/v2\/media?parent=42490"}],"wp:term":[{"taxonomy":"product_cat","embeddable":true,"href":"https:\/\/demo.perimeter-solutions.com\/es\/wp-json\/wp\/v2\/product_cat?post=42490"},{"taxonomy":"product_tag","embeddable":true,"href":"https:\/\/demo.perimeter-solutions.com\/es\/wp-json\/wp\/v2\/product_tag?post=42490"}],"curies":[{"name":"wp","href":"https:\/\/api.w.org\/{rel}","templated":true}]}}