{"id":42496,"date":"2024-06-27T12:59:59","date_gmt":"2024-06-27T16:59:59","guid":{"rendered":"https:\/\/demo.perimeter-solutions.com\/product\/cafoam-auxquimia\/"},"modified":"2024-08-14T19:09:29","modified_gmt":"2024-08-14T23:09:29","slug":"cafoam-auxquimia","status":"publish","type":"product","link":"https:\/\/demo.perimeter-solutions.com\/es\/product\/cafoam-auxquimia\/","title":{"rendered":"AUXQUIMIA CAFOAM"},"content":{"rendered":"<p><span style=\"color: #000000;\"><strong>AUXQUIMIA CAFOAM<\/strong> es un concentrado de espuma (0,1-1%) para combatir incendios de clase A, especialmente dise\u00f1ado para ser utilizado en combinaci\u00f3n con Sistemas de Espuma de Aire Comprimido (CAFS). Agregado al agua en bajas concentraciones, reduce las tensiones superficiales e interfaciales y aumenta su capacidad de penetraci\u00f3n y difusi\u00f3n. AUXQUIMIA CAFOAM reduce el consumo de agua, consigue una extinci\u00f3n m\u00e1s r\u00e1pida y dificulta el reencendido. La espuma producida en CAFS utilizando este concentrado al 0.3% en agua combina algunas caracter\u00edsticas importantes como buena adherencia, drenaje lento, larga duraci\u00f3n, excelente capacidad de humectaci\u00f3n, etc., siendo inodoro y f\u00e1cilmente biodegradable.<\/span><\/p>\n<p><span style=\"color: #000000;\">Adem\u00e1s de su uso en CAFS se puede aplicar con equipos est\u00e1ndar de espuma de baja, media y alta expansi\u00f3n y boquillas de aspersi\u00f3n. Aunque el uso principal del CAFOAM es para incendios de Clase A, se puede utilizar para controlar peque\u00f1os incendios de hidrocarburos (Clase B) al 0,5% con una aplicaci\u00f3n suave. La tasa de dosificaci\u00f3n nominal de AUXQUIMIA CAFOAM es del 0,5% en agua dulce o de mar (0,3% en CAFS.) Esta tasa puede variar entre el 0,1% y el 1,0%, seg\u00fan el tipo de espuma que se desee. Se puede utilizar con agua dulce o de mar.<\/span><\/p>\n<p><span style=\"color: #000000;\"><strong>Consulta a tu experto en reglamentaci\u00f3n para conocer las restricciones y normativas aplicables en tu estado o localidad en relaci\u00f3n con la venta y distribuci\u00f3n de concentrados de espuma de la Clase A.<\/strong><\/span><\/p>\n<h4>Opciones disponibles<\/h4>\n","protected":false},"excerpt":{"rendered":"<h4 class=\"elementor-heading-title elementor-size-default\">Concentrado de espuma de clase A (0,1-1%)<\/h4>\n","protected":false},"featured_media":42497,"template":"","meta":{"_acf_changed":false},"product_cat":[185],"product_tag":[214,252],"class_list":{"0":"post-42496","1":"product","2":"type-product","3":"status-publish","4":"has-post-thumbnail","6":"product_cat-class-a-es","7":"product_tag-auxquimia-es","8":"product_tag-municipal-es","10":"first","11":"instock","12":"shipping-taxable","13":"purchasable","14":"product-type-simple"},"acf":[],"yoast_head":"<!-- This site is optimized with the Yoast SEO Premium plugin v21.9 (Yoast SEO v23.5) - https:\/\/yoast.com\/wordpress\/plugins\/seo\/ -->\n<title>AUXQUIMIA CAFOAM - PS Demo site<\/title>\n<meta name=\"description\" content=\"AUXQUIMIA CAFOAM es un concentrado de espuma (0,1-1%) para combatir incendios de clase A, especialmente dise\u00f1ado para ser utilizado en combinaci\u00f3n con Sistemas de Espuma de Aire Comprimido (CAFS).\" \/>\n<meta name=\"robots\" content=\"noindex, follow, max-snippet:-1, max-image-preview:large, max-video-preview:-1\" \/>\n<meta property=\"og:locale\" content=\"es_ES\" \/>\n<meta property=\"og:type\" content=\"article\" \/>\n<meta property=\"og:title\" content=\"AUXQUIMIA CAFOAM\" \/>\n<meta property=\"og:description\" content=\"AUXQUIMIA CAFOAM es un concentrado de espuma (0,1-1%) para combatir incendios de clase A, especialmente dise\u00f1ado para ser utilizado en combinaci\u00f3n con Sistemas de Espuma de Aire Comprimido (CAFS).\" \/>\n<meta property=\"og:url\" content=\"https:\/\/demo.perimeter-solutions.com\/es\/product\/cafoam-auxquimia\/\" \/>\n<meta property=\"og:site_name\" content=\"PS Demo site\" \/>\n<meta property=\"article:modified_time\" content=\"2024-08-14T23:09:29+00:00\" \/>\n<meta property=\"og:image\" content=\"https:\/\/demo.perimeter-solutions.com\/wp-content\/uploads\/2024\/06\/AUXQUIMIA-CAFOAM_Page_1.jpg\" \/>\n\t<meta property=\"og:image:width\" content=\"1275\" \/>\n\t<meta property=\"og:image:height\" content=\"1650\" \/>\n\t<meta property=\"og:image:type\" content=\"image\/jpeg\" \/>\n<meta name=\"twitter:card\" content=\"summary_large_image\" \/>\n<meta name=\"twitter:label1\" content=\"Tiempo de lectura\" \/>\n\t<meta name=\"twitter:data1\" content=\"2 minutos\" \/>\n<script type=\"application\/ld+json\" class=\"yoast-schema-graph\">{\"@context\":\"https:\/\/schema.org\",\"@graph\":[{\"@type\":\"WebPage\",\"@id\":\"https:\/\/demo.perimeter-solutions.com\/es\/product\/cafoam-auxquimia\/\",\"url\":\"https:\/\/demo.perimeter-solutions.com\/es\/product\/cafoam-auxquimia\/\",\"name\":\"AUXQUIMIA CAFOAM - PS Demo site\",\"isPartOf\":{\"@id\":\"https:\/\/demo.perimeter-solutions.com\/es\/#website\"},\"primaryImageOfPage\":{\"@id\":\"https:\/\/demo.perimeter-solutions.com\/es\/product\/cafoam-auxquimia\/#primaryimage\"},\"image\":{\"@id\":\"https:\/\/demo.perimeter-solutions.com\/es\/product\/cafoam-auxquimia\/#primaryimage\"},\"thumbnailUrl\":\"https:\/\/demo.perimeter-solutions.com\/wp-content\/uploads\/2024\/06\/AUXQUIMIA-CAFOAM_Page_1.jpg\",\"datePublished\":\"2024-06-27T16:59:59+00:00\",\"dateModified\":\"2024-08-14T23:09:29+00:00\",\"description\":\"AUXQUIMIA CAFOAM es un concentrado de espuma (0,1-1%) para combatir incendios de clase A, especialmente dise\u00f1ado para ser utilizado en combinaci\u00f3n con Sistemas de Espuma de Aire Comprimido (CAFS).\",\"breadcrumb\":{\"@id\":\"https:\/\/demo.perimeter-solutions.com\/es\/product\/cafoam-auxquimia\/#breadcrumb\"},\"inLanguage\":\"es\",\"potentialAction\":[{\"@type\":\"ReadAction\",\"target\":[\"https:\/\/demo.perimeter-solutions.com\/es\/product\/cafoam-auxquimia\/\"]}]},{\"@type\":\"ImageObject\",\"inLanguage\":\"es\",\"@id\":\"https:\/\/demo.perimeter-solutions.com\/es\/product\/cafoam-auxquimia\/#primaryimage\",\"url\":\"https:\/\/demo.perimeter-solutions.com\/wp-content\/uploads\/2024\/06\/AUXQUIMIA-CAFOAM_Page_1.jpg\",\"contentUrl\":\"https:\/\/demo.perimeter-solutions.com\/wp-content\/uploads\/2024\/06\/AUXQUIMIA-CAFOAM_Page_1.jpg\",\"width\":1275,\"height\":1650},{\"@type\":\"BreadcrumbList\",\"@id\":\"https:\/\/demo.perimeter-solutions.com\/es\/product\/cafoam-auxquimia\/#breadcrumb\",\"itemListElement\":[{\"@type\":\"ListItem\",\"position\":1,\"name\":\"Cat\u00e1logo de productos\",\"item\":\"https:\/\/demo.perimeter-solutions.com\/es\/product-catalog\/\"},{\"@type\":\"ListItem\",\"position\":2,\"name\":\"AUXQUIMIA CAFOAM\"}]},{\"@type\":\"WebSite\",\"@id\":\"https:\/\/demo.perimeter-solutions.com\/es\/#website\",\"url\":\"https:\/\/demo.perimeter-solutions.com\/es\/\",\"name\":\"PS Demo site\",\"description\":\"\",\"publisher\":{\"@id\":\"https:\/\/demo.perimeter-solutions.com\/es\/#organization\"},\"potentialAction\":[{\"@type\":\"SearchAction\",\"target\":{\"@type\":\"EntryPoint\",\"urlTemplate\":\"https:\/\/demo.perimeter-solutions.com\/es\/?s={search_term_string}\"},\"query-input\":{\"@type\":\"PropertyValueSpecification\",\"valueRequired\":true,\"valueName\":\"search_term_string\"}}],\"inLanguage\":\"es\"},{\"@type\":\"Organization\",\"@id\":\"https:\/\/demo.perimeter-solutions.com\/es\/#organization\",\"name\":\"Perimeter Solutions\",\"url\":\"https:\/\/demo.perimeter-solutions.com\/es\/\",\"logo\":{\"@type\":\"ImageObject\",\"inLanguage\":\"es\",\"@id\":\"https:\/\/demo.perimeter-solutions.com\/es\/#\/schema\/logo\/image\/\",\"url\":\"https:\/\/demo.perimeter-solutions.com\/wp-content\/uploads\/2021\/02\/perimeter-logo-RGB.png\",\"contentUrl\":\"https:\/\/demo.perimeter-solutions.com\/wp-content\/uploads\/2021\/02\/perimeter-logo-RGB.png\",\"width\":794,\"height\":138,\"caption\":\"Perimeter Solutions\"},\"image\":{\"@id\":\"https:\/\/demo.perimeter-solutions.com\/es\/#\/schema\/logo\/image\/\"}}]}<\/script>\n<!-- \/ Yoast SEO Premium plugin. -->","yoast_head_json":{"title":"AUXQUIMIA CAFOAM - PS Demo site","description":"AUXQUIMIA CAFOAM es un concentrado de espuma (0,1-1%) para combatir incendios de clase A, especialmente dise\u00f1ado para ser utilizado en combinaci\u00f3n con Sistemas de Espuma de Aire Comprimido (CAFS).","robots":{"index":"noindex","follow":"follow","max-snippet":"max-snippet:-1","max-image-preview":"max-image-preview:large","max-video-preview":"max-video-preview:-1"},"og_locale":"es_ES","og_type":"article","og_title":"AUXQUIMIA CAFOAM","og_description":"AUXQUIMIA CAFOAM es un concentrado de espuma (0,1-1%) para combatir incendios de clase A, especialmente dise\u00f1ado para ser utilizado en combinaci\u00f3n con Sistemas de Espuma de Aire Comprimido (CAFS).","og_url":"https:\/\/demo.perimeter-solutions.com\/es\/product\/cafoam-auxquimia\/","og_site_name":"PS Demo site","article_modified_time":"2024-08-14T23:09:29+00:00","og_image":[{"width":1275,"height":1650,"url":"https:\/\/demo.perimeter-solutions.com\/wp-content\/uploads\/2024\/06\/AUXQUIMIA-CAFOAM_Page_1.jpg","type":"image\/jpeg"}],"twitter_card":"summary_large_image","twitter_misc":{"Tiempo de lectura":"2 minutos"},"schema":{"@context":"https:\/\/schema.org","@graph":[{"@type":"WebPage","@id":"https:\/\/demo.perimeter-solutions.com\/es\/product\/cafoam-auxquimia\/","url":"https:\/\/demo.perimeter-solutions.com\/es\/product\/cafoam-auxquimia\/","name":"AUXQUIMIA CAFOAM - PS Demo site","isPartOf":{"@id":"https:\/\/demo.perimeter-solutions.com\/es\/#website"},"primaryImageOfPage":{"@id":"https:\/\/demo.perimeter-solutions.com\/es\/product\/cafoam-auxquimia\/#primaryimage"},"image":{"@id":"https:\/\/demo.perimeter-solutions.com\/es\/product\/cafoam-auxquimia\/#primaryimage"},"thumbnailUrl":"https:\/\/demo.perimeter-solutions.com\/wp-content\/uploads\/2024\/06\/AUXQUIMIA-CAFOAM_Page_1.jpg","datePublished":"2024-06-27T16:59:59+00:00","dateModified":"2024-08-14T23:09:29+00:00","description":"AUXQUIMIA CAFOAM es un concentrado de espuma (0,1-1%) para combatir incendios de clase A, especialmente dise\u00f1ado para ser utilizado en combinaci\u00f3n con Sistemas de Espuma de Aire Comprimido (CAFS).","breadcrumb":{"@id":"https:\/\/demo.perimeter-solutions.com\/es\/product\/cafoam-auxquimia\/#breadcrumb"},"inLanguage":"es","potentialAction":[{"@type":"ReadAction","target":["https:\/\/demo.perimeter-solutions.com\/es\/product\/cafoam-auxquimia\/"]}]},{"@type":"ImageObject","inLanguage":"es","@id":"https:\/\/demo.perimeter-solutions.com\/es\/product\/cafoam-auxquimia\/#primaryimage","url":"https:\/\/demo.perimeter-solutions.com\/wp-content\/uploads\/2024\/06\/AUXQUIMIA-CAFOAM_Page_1.jpg","contentUrl":"https:\/\/demo.perimeter-solutions.com\/wp-content\/uploads\/2024\/06\/AUXQUIMIA-CAFOAM_Page_1.jpg","width":1275,"height":1650},{"@type":"BreadcrumbList","@id":"https:\/\/demo.perimeter-solutions.com\/es\/product\/cafoam-auxquimia\/#breadcrumb","itemListElement":[{"@type":"ListItem","position":1,"name":"Cat\u00e1logo de productos","item":"https:\/\/demo.perimeter-solutions.com\/es\/product-catalog\/"},{"@type":"ListItem","position":2,"name":"AUXQUIMIA CAFOAM"}]},{"@type":"WebSite","@id":"https:\/\/demo.perimeter-solutions.com\/es\/#website","url":"https:\/\/demo.perimeter-solutions.com\/es\/","name":"PS Demo site","description":"","publisher":{"@id":"https:\/\/demo.perimeter-solutions.com\/es\/#organization"},"potentialAction":[{"@type":"SearchAction","target":{"@type":"EntryPoint","urlTemplate":"https:\/\/demo.perimeter-solutions.com\/es\/?s={search_term_string}"},"query-input":{"@type":"PropertyValueSpecification","valueRequired":true,"valueName":"search_term_string"}}],"inLanguage":"es"},{"@type":"Organization","@id":"https:\/\/demo.perimeter-solutions.com\/es\/#organization","name":"Perimeter Solutions","url":"https:\/\/demo.perimeter-solutions.com\/es\/","logo":{"@type":"ImageObject","inLanguage":"es","@id":"https:\/\/demo.perimeter-solutions.com\/es\/#\/schema\/logo\/image\/","url":"https:\/\/demo.perimeter-solutions.com\/wp-content\/uploads\/2021\/02\/perimeter-logo-RGB.png","contentUrl":"https:\/\/demo.perimeter-solutions.com\/wp-content\/uploads\/2021\/02\/perimeter-logo-RGB.png","width":794,"height":138,"caption":"Perimeter Solutions"},"image":{"@id":"https:\/\/demo.perimeter-solutions.com\/es\/#\/schema\/logo\/image\/"}}]}},"_links":{"self":[{"href":"https:\/\/demo.perimeter-solutions.com\/es\/wp-json\/wp\/v2\/product\/42496","targetHints":{"allow":["GET"]}}],"collection":[{"href":"https:\/\/demo.perimeter-solutions.com\/es\/wp-json\/wp\/v2\/product"}],"about":[{"href":"https:\/\/demo.perimeter-solutions.com\/es\/wp-json\/wp\/v2\/types\/product"}],"wp:featuredmedia":[{"embeddable":true,"href":"https:\/\/demo.perimeter-solutions.com\/es\/wp-json\/wp\/v2\/media\/42497"}],"wp:attachment":[{"href":"https:\/\/demo.perimeter-solutions.com\/es\/wp-json\/wp\/v2\/media?parent=42496"}],"wp:term":[{"taxonomy":"product_cat","embeddable":true,"href":"https:\/\/demo.perimeter-solutions.com\/es\/wp-json\/wp\/v2\/product_cat?post=42496"},{"taxonomy":"product_tag","embeddable":true,"href":"https:\/\/demo.perimeter-solutions.com\/es\/wp-json\/wp\/v2\/product_tag?post=42496"}],"curies":[{"name":"wp","href":"https:\/\/api.w.org\/{rel}","templated":true}]}}