{"id":44106,"date":"2024-08-19T12:13:14","date_gmt":"2024-08-19T16:13:14","guid":{"rendered":"https:\/\/demo.perimeter-solutions.com\/?post_type=product&#038;p=44106"},"modified":"2024-08-19T12:27:35","modified_gmt":"2024-08-19T16:27:35","slug":"fire-trol-936","status":"publish","type":"product","link":"https:\/\/demo.perimeter-solutions.com\/es\/product\/fire-trol-936\/","title":{"rendered":"FIRE-TROL 936"},"content":{"rendered":"<p><span style=\"color: #000000;\"><strong>FIRE-TROL<sup>\u00ae<\/sup> 936<\/strong> (coloreado) es un ign\u00edfugo l\u00edquido de larga duraci\u00f3n formulado exclusivamente para su aplicaci\u00f3n en el suelo.<br \/>\nSe ha utilizado en toda Europa a lo largo de v\u00edas f\u00e9rreas y en zonas urbanizadas.<br \/>\nFIRE-TROL 936 se considera no t\u00f3xico y cumple las directrices de la OCDE y las directivas vigentes de la UE (2005). <\/span><\/p>\n<p><span style=\"color: #000000;\">Los retardantes de fuego FIRE-TROL se consideran:<\/span><\/p>\n<ul>\n<li><span style=\"color: #000000;\">M\u00e1s eficiente que el agua (incluso agua mejorada) ya sea en ataque directo o indirecto<\/span><\/li>\n<li><span style=\"color: #000000;\">M\u00e1s f\u00e1cil de usar para los bomberos debido a la falta de emisiones de vapor.<\/span><\/li>\n<li><span style=\"color: #000000;\">Uso flexible<\/span><\/li>\n<li><span style=\"color: #000000;\">Un producto de elecci\u00f3n por la noche cuando los aviones no pueden volar<\/span><\/li>\n<\/ul>\n","protected":false},"excerpt":{"rendered":"<h4 class=\"elementor-heading-title elementor-size-default\">Retardantes de fuego probados aplicados al suelo<\/h4>\n","protected":false},"featured_media":44109,"template":"","meta":{"_acf_changed":false},"product_cat":[183],"product_tag":[220],"class_list":{"0":"post-44106","1":"product","2":"type-product","3":"status-publish","4":"has-post-thumbnail","6":"product_cat-fire-retardants-es","7":"product_tag-biogema-es","9":"first","10":"instock","11":"virtual","12":"purchasable","13":"product-type-simple"},"acf":[],"yoast_head":"<!-- This site is optimized with the Yoast SEO Premium plugin v21.9 (Yoast SEO v23.5) - https:\/\/yoast.com\/wordpress\/plugins\/seo\/ -->\n<title>FIRE-TROL 936 - PS Demo site<\/title>\n<meta name=\"robots\" content=\"noindex, follow, max-snippet:-1, max-image-preview:large, max-video-preview:-1\" \/>\n<meta property=\"og:locale\" content=\"es_ES\" \/>\n<meta property=\"og:type\" content=\"article\" \/>\n<meta property=\"og:title\" content=\"FIRE-TROL 936\" \/>\n<meta property=\"og:description\" content=\"Retardantes de fuego probados aplicados al suelo\" \/>\n<meta property=\"og:url\" content=\"https:\/\/demo.perimeter-solutions.com\/es\/product\/fire-trol-936\/\" \/>\n<meta property=\"og:site_name\" content=\"PS Demo site\" \/>\n<meta property=\"article:modified_time\" content=\"2024-08-19T16:27:35+00:00\" \/>\n<meta name=\"twitter:card\" content=\"summary_large_image\" \/>\n<meta name=\"twitter:label1\" content=\"Tiempo de lectura\" \/>\n\t<meta name=\"twitter:data1\" content=\"1 minuto\" \/>\n<script type=\"application\/ld+json\" class=\"yoast-schema-graph\">{\"@context\":\"https:\/\/schema.org\",\"@graph\":[{\"@type\":\"WebPage\",\"@id\":\"https:\/\/demo.perimeter-solutions.com\/es\/product\/fire-trol-936\/\",\"url\":\"https:\/\/demo.perimeter-solutions.com\/es\/product\/fire-trol-936\/\",\"name\":\"FIRE-TROL 936 - PS Demo site\",\"isPartOf\":{\"@id\":\"https:\/\/demo.perimeter-solutions.com\/es\/#website\"},\"primaryImageOfPage\":{\"@id\":\"https:\/\/demo.perimeter-solutions.com\/es\/product\/fire-trol-936\/#primaryimage\"},\"image\":{\"@id\":\"https:\/\/demo.perimeter-solutions.com\/es\/product\/fire-trol-936\/#primaryimage\"},\"thumbnailUrl\":\"https:\/\/demo.perimeter-solutions.com\/wp-content\/uploads\/2024\/08\/PERI2643-FIRETROL936_A4_v1.6c-pdf.jpg\",\"datePublished\":\"2024-08-19T16:13:14+00:00\",\"dateModified\":\"2024-08-19T16:27:35+00:00\",\"breadcrumb\":{\"@id\":\"https:\/\/demo.perimeter-solutions.com\/es\/product\/fire-trol-936\/#breadcrumb\"},\"inLanguage\":\"es\",\"potentialAction\":[{\"@type\":\"ReadAction\",\"target\":[\"https:\/\/demo.perimeter-solutions.com\/es\/product\/fire-trol-936\/\"]}]},{\"@type\":\"ImageObject\",\"inLanguage\":\"es\",\"@id\":\"https:\/\/demo.perimeter-solutions.com\/es\/product\/fire-trol-936\/#primaryimage\",\"url\":\"https:\/\/demo.perimeter-solutions.com\/wp-content\/uploads\/2024\/08\/PERI2643-FIRETROL936_A4_v1.6c-pdf.jpg\",\"contentUrl\":\"https:\/\/demo.perimeter-solutions.com\/wp-content\/uploads\/2024\/08\/PERI2643-FIRETROL936_A4_v1.6c-pdf.jpg\"},{\"@type\":\"BreadcrumbList\",\"@id\":\"https:\/\/demo.perimeter-solutions.com\/es\/product\/fire-trol-936\/#breadcrumb\",\"itemListElement\":[{\"@type\":\"ListItem\",\"position\":1,\"name\":\"Cat\u00e1logo de productos\",\"item\":\"https:\/\/demo.perimeter-solutions.com\/es\/product-catalog\/\"},{\"@type\":\"ListItem\",\"position\":2,\"name\":\"FIRE-TROL 936\"}]},{\"@type\":\"WebSite\",\"@id\":\"https:\/\/demo.perimeter-solutions.com\/es\/#website\",\"url\":\"https:\/\/demo.perimeter-solutions.com\/es\/\",\"name\":\"PS Demo site\",\"description\":\"\",\"publisher\":{\"@id\":\"https:\/\/demo.perimeter-solutions.com\/es\/#organization\"},\"potentialAction\":[{\"@type\":\"SearchAction\",\"target\":{\"@type\":\"EntryPoint\",\"urlTemplate\":\"https:\/\/demo.perimeter-solutions.com\/es\/?s={search_term_string}\"},\"query-input\":{\"@type\":\"PropertyValueSpecification\",\"valueRequired\":true,\"valueName\":\"search_term_string\"}}],\"inLanguage\":\"es\"},{\"@type\":\"Organization\",\"@id\":\"https:\/\/demo.perimeter-solutions.com\/es\/#organization\",\"name\":\"Perimeter Solutions\",\"url\":\"https:\/\/demo.perimeter-solutions.com\/es\/\",\"logo\":{\"@type\":\"ImageObject\",\"inLanguage\":\"es\",\"@id\":\"https:\/\/demo.perimeter-solutions.com\/es\/#\/schema\/logo\/image\/\",\"url\":\"https:\/\/demo.perimeter-solutions.com\/wp-content\/uploads\/2021\/02\/perimeter-logo-RGB.png\",\"contentUrl\":\"https:\/\/demo.perimeter-solutions.com\/wp-content\/uploads\/2021\/02\/perimeter-logo-RGB.png\",\"width\":794,\"height\":138,\"caption\":\"Perimeter Solutions\"},\"image\":{\"@id\":\"https:\/\/demo.perimeter-solutions.com\/es\/#\/schema\/logo\/image\/\"}}]}<\/script>\n<!-- \/ Yoast SEO Premium plugin. -->","yoast_head_json":{"title":"FIRE-TROL 936 - PS Demo site","robots":{"index":"noindex","follow":"follow","max-snippet":"max-snippet:-1","max-image-preview":"max-image-preview:large","max-video-preview":"max-video-preview:-1"},"og_locale":"es_ES","og_type":"article","og_title":"FIRE-TROL 936","og_description":"Retardantes de fuego probados aplicados al suelo","og_url":"https:\/\/demo.perimeter-solutions.com\/es\/product\/fire-trol-936\/","og_site_name":"PS Demo site","article_modified_time":"2024-08-19T16:27:35+00:00","twitter_card":"summary_large_image","twitter_misc":{"Tiempo de lectura":"1 minuto"},"schema":{"@context":"https:\/\/schema.org","@graph":[{"@type":"WebPage","@id":"https:\/\/demo.perimeter-solutions.com\/es\/product\/fire-trol-936\/","url":"https:\/\/demo.perimeter-solutions.com\/es\/product\/fire-trol-936\/","name":"FIRE-TROL 936 - PS Demo site","isPartOf":{"@id":"https:\/\/demo.perimeter-solutions.com\/es\/#website"},"primaryImageOfPage":{"@id":"https:\/\/demo.perimeter-solutions.com\/es\/product\/fire-trol-936\/#primaryimage"},"image":{"@id":"https:\/\/demo.perimeter-solutions.com\/es\/product\/fire-trol-936\/#primaryimage"},"thumbnailUrl":"https:\/\/demo.perimeter-solutions.com\/wp-content\/uploads\/2024\/08\/PERI2643-FIRETROL936_A4_v1.6c-pdf.jpg","datePublished":"2024-08-19T16:13:14+00:00","dateModified":"2024-08-19T16:27:35+00:00","breadcrumb":{"@id":"https:\/\/demo.perimeter-solutions.com\/es\/product\/fire-trol-936\/#breadcrumb"},"inLanguage":"es","potentialAction":[{"@type":"ReadAction","target":["https:\/\/demo.perimeter-solutions.com\/es\/product\/fire-trol-936\/"]}]},{"@type":"ImageObject","inLanguage":"es","@id":"https:\/\/demo.perimeter-solutions.com\/es\/product\/fire-trol-936\/#primaryimage","url":"https:\/\/demo.perimeter-solutions.com\/wp-content\/uploads\/2024\/08\/PERI2643-FIRETROL936_A4_v1.6c-pdf.jpg","contentUrl":"https:\/\/demo.perimeter-solutions.com\/wp-content\/uploads\/2024\/08\/PERI2643-FIRETROL936_A4_v1.6c-pdf.jpg"},{"@type":"BreadcrumbList","@id":"https:\/\/demo.perimeter-solutions.com\/es\/product\/fire-trol-936\/#breadcrumb","itemListElement":[{"@type":"ListItem","position":1,"name":"Cat\u00e1logo de productos","item":"https:\/\/demo.perimeter-solutions.com\/es\/product-catalog\/"},{"@type":"ListItem","position":2,"name":"FIRE-TROL 936"}]},{"@type":"WebSite","@id":"https:\/\/demo.perimeter-solutions.com\/es\/#website","url":"https:\/\/demo.perimeter-solutions.com\/es\/","name":"PS Demo site","description":"","publisher":{"@id":"https:\/\/demo.perimeter-solutions.com\/es\/#organization"},"potentialAction":[{"@type":"SearchAction","target":{"@type":"EntryPoint","urlTemplate":"https:\/\/demo.perimeter-solutions.com\/es\/?s={search_term_string}"},"query-input":{"@type":"PropertyValueSpecification","valueRequired":true,"valueName":"search_term_string"}}],"inLanguage":"es"},{"@type":"Organization","@id":"https:\/\/demo.perimeter-solutions.com\/es\/#organization","name":"Perimeter Solutions","url":"https:\/\/demo.perimeter-solutions.com\/es\/","logo":{"@type":"ImageObject","inLanguage":"es","@id":"https:\/\/demo.perimeter-solutions.com\/es\/#\/schema\/logo\/image\/","url":"https:\/\/demo.perimeter-solutions.com\/wp-content\/uploads\/2021\/02\/perimeter-logo-RGB.png","contentUrl":"https:\/\/demo.perimeter-solutions.com\/wp-content\/uploads\/2021\/02\/perimeter-logo-RGB.png","width":794,"height":138,"caption":"Perimeter Solutions"},"image":{"@id":"https:\/\/demo.perimeter-solutions.com\/es\/#\/schema\/logo\/image\/"}}]}},"_links":{"self":[{"href":"https:\/\/demo.perimeter-solutions.com\/es\/wp-json\/wp\/v2\/product\/44106","targetHints":{"allow":["GET"]}}],"collection":[{"href":"https:\/\/demo.perimeter-solutions.com\/es\/wp-json\/wp\/v2\/product"}],"about":[{"href":"https:\/\/demo.perimeter-solutions.com\/es\/wp-json\/wp\/v2\/types\/product"}],"wp:featuredmedia":[{"embeddable":true,"href":"https:\/\/demo.perimeter-solutions.com\/es\/wp-json\/wp\/v2\/media\/44109"}],"wp:attachment":[{"href":"https:\/\/demo.perimeter-solutions.com\/es\/wp-json\/wp\/v2\/media?parent=44106"}],"wp:term":[{"taxonomy":"product_cat","embeddable":true,"href":"https:\/\/demo.perimeter-solutions.com\/es\/wp-json\/wp\/v2\/product_cat?post=44106"},{"taxonomy":"product_tag","embeddable":true,"href":"https:\/\/demo.perimeter-solutions.com\/es\/wp-json\/wp\/v2\/product_tag?post=44106"}],"curies":[{"name":"wp","href":"https:\/\/api.w.org\/{rel}","templated":true}]}}